{"id":13190,"date":"2014-09-22T01:28:46","date_gmt":"2014-09-22T01:28:46","guid":{"rendered":"https:\/\/getawaysmalta.com\/search-property-result\/"},"modified":"2018-08-16T15:24:57","modified_gmt":"2018-08-16T13:24:57","slug":"search-property-result","status":"publish","type":"page","link":"https:\/\/getawaysmalta.com\/pt-br\/search-property-result\/","title":{"rendered":"Search Property Result"},"content":{"rendered":"<p>Se voc\u00ea est\u00e1 procurando onde ficar em Malta, veja nossas \u00f3timas op\u00e7\u00f5es de Apartamentos e Coberturas, bem mobiliados e equipados.<\/p>\n<p>Temos os melhores locais, pre\u00e7os, servi\u00e7os e suporte.<\/p>\n<p>Reserve direto com os propriet\u00e1rios e economize!<\/p>\n<p>Desde 1981<\/p>\n<p>&nbsp;<\/p>\n","protected":false},"excerpt":{"rendered":"<p>Se voc\u00ea est\u00e1 procurando onde ficar em Malta, veja nossas \u00f3timas op\u00e7\u00f5es de Apartamentos e Coberturas, bem mobiliados e equipados. Temos os melhores locais, pre\u00e7os, servi\u00e7os e suporte. Reserve direto com os propriet\u00e1rios e economize! Desde 1981 <\/p>\n","protected":false},"author":1,"featured_media":0,"parent":0,"menu_order":0,"comment_status":"open","ping_status":"open","template":"search-property-result.php","meta":{"footnotes":""},"class_list":["post-13190","page","type-page","status-publish","hentry","no-featured"],"yoast_head":"<!-- This site is optimized with the Yoast SEO plugin v27.4 - https:\/\/yoast.com\/product\/yoast-seo-wordpress\/ -->\n<title>Malta Onde Ficar - Apartamentos de F\u00e9rias Completos - GetawaysMalta<\/title>\n<meta name=\"description\" content=\"Malta Onde Ficar: Apartamentos, melhores localiza\u00e7\u00f5es, pre\u00e7os, servi\u00e7o e apoio. Alugue direto com os propriet\u00e1rios (desde 1981) e economize!\" \/>\n<meta name=\"robots\" content=\"index, follow, max-snippet:-1, max-image-preview:large, max-video-preview:-1\" \/>\n<link rel=\"canonical\" href=\"https:\/\/getawaysmalta.com\/pt-br\/search-property-result\/\" \/>\n<meta property=\"og:locale\" content=\"pt_BR\" \/>\n<meta property=\"og:type\" content=\"article\" \/>\n<meta property=\"og:title\" content=\"Malta Onde Ficar - Apartamentos de F\u00e9rias Completos - GetawaysMalta\" \/>\n<meta property=\"og:description\" content=\"Malta Onde Ficar: Apartamentos, melhores localiza\u00e7\u00f5es, pre\u00e7os, servi\u00e7o e apoio. Alugue direto com os propriet\u00e1rios (desde 1981) e economize!\" \/>\n<meta property=\"og:url\" content=\"https:\/\/getawaysmalta.com\/pt-br\/search-property-result\/\" \/>\n<meta property=\"og:site_name\" content=\"Getaways\" \/>\n<meta property=\"article:modified_time\" content=\"2018-08-16T13:24:57+00:00\" \/>\n<meta name=\"twitter:card\" content=\"summary_large_image\" \/>\n<script type=\"application\/ld+json\" class=\"yoast-schema-graph\">{\"@context\":\"https:\\\/\\\/schema.org\",\"@graph\":[{\"@type\":\"WebPage\",\"@id\":\"https:\\\/\\\/getawaysmalta.com\\\/pt-br\\\/search-property-result\\\/\",\"url\":\"https:\\\/\\\/getawaysmalta.com\\\/pt-br\\\/search-property-result\\\/\",\"name\":\"Malta Onde Ficar - Apartamentos de F\u00e9rias Completos - GetawaysMalta\",\"isPartOf\":{\"@id\":\"https:\\\/\\\/getawaysmalta.com\\\/it\\\/#website\"},\"datePublished\":\"2014-09-22T01:28:46+00:00\",\"dateModified\":\"2018-08-16T13:24:57+00:00\",\"description\":\"Malta Onde Ficar: Apartamentos, melhores localiza\u00e7\u00f5es, pre\u00e7os, servi\u00e7o e apoio. Alugue direto com os propriet\u00e1rios (desde 1981) e economize!\",\"breadcrumb\":{\"@id\":\"https:\\\/\\\/getawaysmalta.com\\\/pt-br\\\/search-property-result\\\/#breadcrumb\"},\"inLanguage\":\"pt-BR\",\"potentialAction\":[{\"@type\":\"ReadAction\",\"target\":[\"https:\\\/\\\/getawaysmalta.com\\\/pt-br\\\/search-property-result\\\/\"]}]},{\"@type\":\"BreadcrumbList\",\"@id\":\"https:\\\/\\\/getawaysmalta.com\\\/pt-br\\\/search-property-result\\\/#breadcrumb\",\"itemListElement\":[{\"@type\":\"ListItem\",\"position\":1,\"name\":\"Home\",\"item\":\"https:\\\/\\\/getawaysmalta.com\\\/pt-br\\\/\"},{\"@type\":\"ListItem\",\"position\":2,\"name\":\"Search Property Result\"}]},{\"@type\":\"WebSite\",\"@id\":\"https:\\\/\\\/getawaysmalta.com\\\/it\\\/#website\",\"url\":\"https:\\\/\\\/getawaysmalta.com\\\/it\\\/\",\"name\":\"Getaways\",\"description\":\"Property For Rent Malta\",\"potentialAction\":[{\"@type\":\"SearchAction\",\"target\":{\"@type\":\"EntryPoint\",\"urlTemplate\":\"https:\\\/\\\/getawaysmalta.com\\\/it\\\/?s={search_term_string}\"},\"query-input\":{\"@type\":\"PropertyValueSpecification\",\"valueRequired\":true,\"valueName\":\"search_term_string\"}}],\"inLanguage\":\"pt-BR\"}]}<\/script>\n<!-- \/ Yoast SEO plugin. -->","yoast_head_json":{"title":"Malta Onde Ficar - Apartamentos de F\u00e9rias Completos - GetawaysMalta","description":"Malta Onde Ficar: Apartamentos, melhores localiza\u00e7\u00f5es, pre\u00e7os, servi\u00e7o e apoio. Alugue direto com os propriet\u00e1rios (desde 1981) e economize!","robots":{"index":"index","follow":"follow","max-snippet":"max-snippet:-1","max-image-preview":"max-image-preview:large","max-video-preview":"max-video-preview:-1"},"canonical":"https:\/\/getawaysmalta.com\/pt-br\/search-property-result\/","og_locale":"pt_BR","og_type":"article","og_title":"Malta Onde Ficar - Apartamentos de F\u00e9rias Completos - GetawaysMalta","og_description":"Malta Onde Ficar: Apartamentos, melhores localiza\u00e7\u00f5es, pre\u00e7os, servi\u00e7o e apoio. Alugue direto com os propriet\u00e1rios (desde 1981) e economize!","og_url":"https:\/\/getawaysmalta.com\/pt-br\/search-property-result\/","og_site_name":"Getaways","article_modified_time":"2018-08-16T13:24:57+00:00","twitter_card":"summary_large_image","schema":{"@context":"https:\/\/schema.org","@graph":[{"@type":"WebPage","@id":"https:\/\/getawaysmalta.com\/pt-br\/search-property-result\/","url":"https:\/\/getawaysmalta.com\/pt-br\/search-property-result\/","name":"Malta Onde Ficar - Apartamentos de F\u00e9rias Completos - GetawaysMalta","isPartOf":{"@id":"https:\/\/getawaysmalta.com\/it\/#website"},"datePublished":"2014-09-22T01:28:46+00:00","dateModified":"2018-08-16T13:24:57+00:00","description":"Malta Onde Ficar: Apartamentos, melhores localiza\u00e7\u00f5es, pre\u00e7os, servi\u00e7o e apoio. Alugue direto com os propriet\u00e1rios (desde 1981) e economize!","breadcrumb":{"@id":"https:\/\/getawaysmalta.com\/pt-br\/search-property-result\/#breadcrumb"},"inLanguage":"pt-BR","potentialAction":[{"@type":"ReadAction","target":["https:\/\/getawaysmalta.com\/pt-br\/search-property-result\/"]}]},{"@type":"BreadcrumbList","@id":"https:\/\/getawaysmalta.com\/pt-br\/search-property-result\/#breadcrumb","itemListElement":[{"@type":"ListItem","position":1,"name":"Home","item":"https:\/\/getawaysmalta.com\/pt-br\/"},{"@type":"ListItem","position":2,"name":"Search Property Result"}]},{"@type":"WebSite","@id":"https:\/\/getawaysmalta.com\/it\/#website","url":"https:\/\/getawaysmalta.com\/it\/","name":"Getaways","description":"Property For Rent Malta","potentialAction":[{"@type":"SearchAction","target":{"@type":"EntryPoint","urlTemplate":"https:\/\/getawaysmalta.com\/it\/?s={search_term_string}"},"query-input":{"@type":"PropertyValueSpecification","valueRequired":true,"valueName":"search_term_string"}}],"inLanguage":"pt-BR"}]}},"_links":{"self":[{"href":"https:\/\/getawaysmalta.com\/pt-br\/wp-json\/wp\/v2\/pages\/13190","targetHints":{"allow":["GET"]}}],"collection":[{"href":"https:\/\/getawaysmalta.com\/pt-br\/wp-json\/wp\/v2\/pages"}],"about":[{"href":"https:\/\/getawaysmalta.com\/pt-br\/wp-json\/wp\/v2\/types\/page"}],"author":[{"embeddable":true,"href":"https:\/\/getawaysmalta.com\/pt-br\/wp-json\/wp\/v2\/users\/1"}],"replies":[{"embeddable":true,"href":"https:\/\/getawaysmalta.com\/pt-br\/wp-json\/wp\/v2\/comments?post=13190"}],"version-history":[{"count":2,"href":"https:\/\/getawaysmalta.com\/pt-br\/wp-json\/wp\/v2\/pages\/13190\/revisions"}],"predecessor-version":[{"id":13192,"href":"https:\/\/getawaysmalta.com\/pt-br\/wp-json\/wp\/v2\/pages\/13190\/revisions\/13192"}],"wp:attachment":[{"href":"https:\/\/getawaysmalta.com\/pt-br\/wp-json\/wp\/v2\/media?parent=13190"}],"curies":[{"name":"wp","href":"https:\/\/api.w.org\/{rel}","templated":true}]}}