{"id":13170,"date":"2016-04-04T18:40:14","date_gmt":"2016-04-04T16:40:14","guid":{"rendered":"https:\/\/getawaysmalta.com\/about-us\/"},"modified":"2018-08-20T09:48:37","modified_gmt":"2018-08-20T07:48:37","slug":"about-us","status":"publish","type":"page","link":"https:\/\/getawaysmalta.com\/pt-br\/about-us\/","title":{"rendered":"Sobre n\u00f3s"},"content":{"rendered":"<div class=\"wpb-content-wrapper\"><p>[vc_row][vc_column][vc_column_text]<\/p>\n<h3><strong>GetawaysMalta \u00e9 o melhor <em>site<\/em> para reservar Acomoda\u00e7\u00f5es de f\u00e9rias em Malta<\/strong><\/h3>\n<p>&nbsp;<\/p>\n<p>Meu nome \u00e9 Neville Galea e junto com minha esposa, Ruth Galea, e nossos funcion\u00e1rios administramos nosso neg\u00f3cio de apartamentos de f\u00e9rias em Malta com grande paix\u00e3o.<\/p>\n<p>Meu pai, Joseph Galea, come\u00e7ou a alugar apartamentos de f\u00e9rias em Malta em 1981, tornando-se uma tradi\u00e7\u00e3o familiar.<\/p>\n<p>Os nossos apartamentos est\u00e3o nas melhores localiza\u00e7\u00f5es tur\u00edsticas de Malta e foram concebidos, constru\u00eddos e mobiliados para este fim.<\/p>\n<p>Neste nosso novo site,\u00a0que \u00e9 tamb\u00e9m compat\u00edvel com celular, \u00e9 poss\u00edvel listar os apartamentos de f\u00e9rias de acordo com suas necessidades:<\/p>\n<p>Confira nossa <a href=\"https:\/\/getawaysmalta.com\/properties\/\">Base de Dados de Apartamentos<\/a>.<\/p>\n<p>Fazemos o nosso melhor para oferecer acomoda\u00e7\u00f5es de alta qualidade aos melhores pre\u00e7os. Ao contr\u00e1rio dos pequenos propriet\u00e1rios de casas de f\u00e9rias, n\u00f3s estamos sempre dispon\u00edveis, temos a nossa equipa de manuten\u00e7\u00e3o, pessoal de limpeza e representantes dedicados que acolhem os nossos clientes e cuidam de todas as suas necessidades durante a sua estadia.<\/p>\n<p>Nossos escrit\u00f3rios est\u00e3o abertos 7 dias por semana, das 9h \u00e0s 18h, em Mosta. Por favor, consulte est link do <a href=\"https:\/\/goo.gl\/maps\/vZ5ukkWfazN2\" target=\"_blank\" rel=\"noopener\">Google Maps<\/a> para localizar o nosso escrit\u00f3rio.<\/p>\n<p>Durante o dia, n\u00f3s permanecemos em contato com nossos h\u00f3spedes por e-mail, Whats App, Facebook, SMS, telefones e nossos equipe de representantes, que estar\u00e1 visitando blocos de apartamentos para atender \u00e0s necessidades dos nossos h\u00f3spedes.<\/p>\n<p>N\u00f3s tamb\u00e9m oferecemos um servi\u00e7o emergencial de suporte por telefone 24\/7 (dispon\u00edvel 24 horas por dia os 7 dias da semana).<\/p>\n<p>Esperamos que voc\u00ea seja nosso h\u00f3spede em breve!<\/p>\n<p>Sauda\u00e7\u00f5es da ensolarada Malta!<\/p>\n<p>Neville &amp; Ruth Galea<\/p>\n<p><img loading=\"lazy\" decoding=\"async\" class=\"alignnone size-medium wp-image-12300\" src=\"https:\/\/getawaysmalta.com\/wp-content\/uploads\/2018\/02\/Family-galea-to-be-used-on-all-adverts-FB-300x300.jpg\" alt=\"\" width=\"300\" height=\"300\" srcset=\"https:\/\/getawaysmalta.com\/wp-content\/uploads\/2018\/02\/Family-galea-to-be-used-on-all-adverts-FB-300x300.jpg 300w, https:\/\/getawaysmalta.com\/wp-content\/uploads\/2018\/02\/Family-galea-to-be-used-on-all-adverts-FB-150x150.jpg 150w, https:\/\/getawaysmalta.com\/wp-content\/uploads\/2018\/02\/Family-galea-to-be-used-on-all-adverts-FB.jpg 336w\" sizes=\"auto, (max-width: 300px) 100vw, 300px\" \/><\/p>\n<p>Os propriet\u00e1rios: Neville e Ruth Galea<\/p>\n<div id=\"gt-res-c\" class=\"g-unit\">\n<div id=\"gt-res-p\">\n<div id=\"gt-res-data\">\n<div id=\"gt-res-wrap\">\n<div id=\"gt-res-content\">\n<div id=\"gt-res-dir-ctr\" class=\"trans-verified-button-small\" dir=\"ltr\"><span id=\"result_box\" class=\"\" lang=\"fr\"><span class=\"\">Nos encontre no Facebook: <a href=\"https:\/\/www.facebook.com\/getawaysmalta\/\" target=\"_blank\" rel=\"noopener\">GetawaysMalta<\/a>\u00a0ou\u00a0<a href=\"https:\/\/www.facebook.com\/neville.galea.1\" target=\"_blank\" rel=\"noopener\">Neville Galea<\/a><\/span><\/span><\/div>\n<\/div>\n<\/div>\n<\/div>\n<\/div>\n<\/div>\n<p>[\/vc_column_text][\/vc_column][\/vc_row]<\/p>\n<\/div>","protected":false},"excerpt":{"rendered":"<p>[vc_row][vc_column][vc_column_text] GetawaysMalta \u00e9 o melhor site para reservar Acomoda\u00e7\u00f5es de f\u00e9rias em Malta  Meu nome \u00e9 Neville Galea e junto com minha esposa, Ruth Galea, e nossos funcion\u00e1rios administramos nosso neg\u00f3cio de apartamentos de f\u00e9rias em Malta com grande paix\u00e3o. Meu pai, Joseph Galea, come\u00e7ou a alugar apartamentos de f\u00e9rias em Malta em 1981, tornando-se uma tradi\u00e7\u00e3o familiar. Os&#8230;<\/p>\n<div><a href=\"https:\/\/getawaysmalta.com\/pt-br\/about-us\/\" class=\"read-more\">Read More <i class=\"fa fa-arrow-circle-o-right\"><\/i><\/a><\/div>\n","protected":false},"author":1,"featured_media":0,"parent":0,"menu_order":0,"comment_status":"closed","ping_status":"closed","template":"","meta":{"footnotes":""},"class_list":["post-13170","page","type-page","status-publish","hentry","no-featured"],"yoast_head":"<!-- This site is optimized with the Yoast SEO plugin v26.9 - https:\/\/yoast.com\/product\/yoast-seo-wordpress\/ -->\n<title>Melhor de Acomoda\u00e7\u00f5es de f\u00e9rias em Malta - GetawaysMalta<\/title>\n<meta name=\"description\" content=\"Sua melhor op\u00e7\u00e3o para reservar Acomoda\u00e7\u00f5es em Malta. Apartamentos completos e independentes, direto com os propriet\u00e1rios, nas melhores localiza\u00e7\u00f5es\" \/>\n<meta name=\"robots\" content=\"index, follow, max-snippet:-1, max-image-preview:large, max-video-preview:-1\" \/>\n<link rel=\"canonical\" href=\"https:\/\/getawaysmalta.com\/pt-br\/about-us\/\" \/>\n<meta property=\"og:locale\" content=\"pt_BR\" \/>\n<meta property=\"og:type\" content=\"article\" \/>\n<meta property=\"og:title\" content=\"Melhor de Acomoda\u00e7\u00f5es de f\u00e9rias em Malta - GetawaysMalta\" \/>\n<meta property=\"og:description\" content=\"Sua melhor op\u00e7\u00e3o para reservar Acomoda\u00e7\u00f5es em Malta. Apartamentos completos e independentes, direto com os propriet\u00e1rios, nas melhores localiza\u00e7\u00f5es\" \/>\n<meta property=\"og:url\" content=\"https:\/\/getawaysmalta.com\/pt-br\/about-us\/\" \/>\n<meta property=\"og:site_name\" content=\"Getaways\" \/>\n<meta property=\"article:modified_time\" content=\"2018-08-20T07:48:37+00:00\" \/>\n<meta property=\"og:image\" content=\"https:\/\/getawaysmalta.com\/wp-content\/uploads\/2018\/02\/Family-galea-to-be-used-on-all-adverts-FB-300x300.jpg\" \/>\n<meta name=\"twitter:card\" content=\"summary_large_image\" \/>\n<meta name=\"twitter:label1\" content=\"Est. tempo de leitura\" \/>\n\t<meta name=\"twitter:data1\" content=\"2 minutos\" \/>\n<script type=\"application\/ld+json\" class=\"yoast-schema-graph\">{\"@context\":\"https:\/\/schema.org\",\"@graph\":[{\"@type\":\"WebPage\",\"@id\":\"https:\/\/getawaysmalta.com\/pt-br\/about-us\/\",\"url\":\"https:\/\/getawaysmalta.com\/pt-br\/about-us\/\",\"name\":\"Melhor de Acomoda\u00e7\u00f5es de f\u00e9rias em Malta - GetawaysMalta\",\"isPartOf\":{\"@id\":\"https:\/\/getawaysmalta.com\/it\/#website\"},\"primaryImageOfPage\":{\"@id\":\"https:\/\/getawaysmalta.com\/pt-br\/about-us\/#primaryimage\"},\"image\":{\"@id\":\"https:\/\/getawaysmalta.com\/pt-br\/about-us\/#primaryimage\"},\"thumbnailUrl\":\"https:\/\/getawaysmalta.com\/wp-content\/uploads\/2018\/02\/Family-galea-to-be-used-on-all-adverts-FB-300x300.jpg\",\"datePublished\":\"2016-04-04T16:40:14+00:00\",\"dateModified\":\"2018-08-20T07:48:37+00:00\",\"description\":\"Sua melhor op\u00e7\u00e3o para reservar Acomoda\u00e7\u00f5es em Malta. Apartamentos completos e independentes, direto com os propriet\u00e1rios, nas melhores localiza\u00e7\u00f5es\",\"breadcrumb\":{\"@id\":\"https:\/\/getawaysmalta.com\/pt-br\/about-us\/#breadcrumb\"},\"inLanguage\":\"pt-BR\",\"potentialAction\":[{\"@type\":\"ReadAction\",\"target\":[\"https:\/\/getawaysmalta.com\/pt-br\/about-us\/\"]}]},{\"@type\":\"ImageObject\",\"inLanguage\":\"pt-BR\",\"@id\":\"https:\/\/getawaysmalta.com\/pt-br\/about-us\/#primaryimage\",\"url\":\"https:\/\/getawaysmalta.com\/wp-content\/uploads\/2018\/02\/Family-galea-to-be-used-on-all-adverts-FB-300x300.jpg\",\"contentUrl\":\"https:\/\/getawaysmalta.com\/wp-content\/uploads\/2018\/02\/Family-galea-to-be-used-on-all-adverts-FB-300x300.jpg\"},{\"@type\":\"BreadcrumbList\",\"@id\":\"https:\/\/getawaysmalta.com\/pt-br\/about-us\/#breadcrumb\",\"itemListElement\":[{\"@type\":\"ListItem\",\"position\":1,\"name\":\"Home\",\"item\":\"https:\/\/getawaysmalta.com\/pt-br\/\"},{\"@type\":\"ListItem\",\"position\":2,\"name\":\"Sobre n\u00f3s\"}]},{\"@type\":\"WebSite\",\"@id\":\"https:\/\/getawaysmalta.com\/it\/#website\",\"url\":\"https:\/\/getawaysmalta.com\/it\/\",\"name\":\"Getaways\",\"description\":\"Property For Rent Malta\",\"potentialAction\":[{\"@type\":\"SearchAction\",\"target\":{\"@type\":\"EntryPoint\",\"urlTemplate\":\"https:\/\/getawaysmalta.com\/it\/?s={search_term_string}\"},\"query-input\":{\"@type\":\"PropertyValueSpecification\",\"valueRequired\":true,\"valueName\":\"search_term_string\"}}],\"inLanguage\":\"pt-BR\"}]}<\/script>\n<!-- \/ Yoast SEO plugin. -->","yoast_head_json":{"title":"Melhor de Acomoda\u00e7\u00f5es de f\u00e9rias em Malta - GetawaysMalta","description":"Sua melhor op\u00e7\u00e3o para reservar Acomoda\u00e7\u00f5es em Malta. Apartamentos completos e independentes, direto com os propriet\u00e1rios, nas melhores localiza\u00e7\u00f5es","robots":{"index":"index","follow":"follow","max-snippet":"max-snippet:-1","max-image-preview":"max-image-preview:large","max-video-preview":"max-video-preview:-1"},"canonical":"https:\/\/getawaysmalta.com\/pt-br\/about-us\/","og_locale":"pt_BR","og_type":"article","og_title":"Melhor de Acomoda\u00e7\u00f5es de f\u00e9rias em Malta - GetawaysMalta","og_description":"Sua melhor op\u00e7\u00e3o para reservar Acomoda\u00e7\u00f5es em Malta. Apartamentos completos e independentes, direto com os propriet\u00e1rios, nas melhores localiza\u00e7\u00f5es","og_url":"https:\/\/getawaysmalta.com\/pt-br\/about-us\/","og_site_name":"Getaways","article_modified_time":"2018-08-20T07:48:37+00:00","og_image":[{"url":"https:\/\/getawaysmalta.com\/wp-content\/uploads\/2018\/02\/Family-galea-to-be-used-on-all-adverts-FB-300x300.jpg","type":"","width":"","height":""}],"twitter_card":"summary_large_image","twitter_misc":{"Est. tempo de leitura":"2 minutos"},"schema":{"@context":"https:\/\/schema.org","@graph":[{"@type":"WebPage","@id":"https:\/\/getawaysmalta.com\/pt-br\/about-us\/","url":"https:\/\/getawaysmalta.com\/pt-br\/about-us\/","name":"Melhor de Acomoda\u00e7\u00f5es de f\u00e9rias em Malta - GetawaysMalta","isPartOf":{"@id":"https:\/\/getawaysmalta.com\/it\/#website"},"primaryImageOfPage":{"@id":"https:\/\/getawaysmalta.com\/pt-br\/about-us\/#primaryimage"},"image":{"@id":"https:\/\/getawaysmalta.com\/pt-br\/about-us\/#primaryimage"},"thumbnailUrl":"https:\/\/getawaysmalta.com\/wp-content\/uploads\/2018\/02\/Family-galea-to-be-used-on-all-adverts-FB-300x300.jpg","datePublished":"2016-04-04T16:40:14+00:00","dateModified":"2018-08-20T07:48:37+00:00","description":"Sua melhor op\u00e7\u00e3o para reservar Acomoda\u00e7\u00f5es em Malta. Apartamentos completos e independentes, direto com os propriet\u00e1rios, nas melhores localiza\u00e7\u00f5es","breadcrumb":{"@id":"https:\/\/getawaysmalta.com\/pt-br\/about-us\/#breadcrumb"},"inLanguage":"pt-BR","potentialAction":[{"@type":"ReadAction","target":["https:\/\/getawaysmalta.com\/pt-br\/about-us\/"]}]},{"@type":"ImageObject","inLanguage":"pt-BR","@id":"https:\/\/getawaysmalta.com\/pt-br\/about-us\/#primaryimage","url":"https:\/\/getawaysmalta.com\/wp-content\/uploads\/2018\/02\/Family-galea-to-be-used-on-all-adverts-FB-300x300.jpg","contentUrl":"https:\/\/getawaysmalta.com\/wp-content\/uploads\/2018\/02\/Family-galea-to-be-used-on-all-adverts-FB-300x300.jpg"},{"@type":"BreadcrumbList","@id":"https:\/\/getawaysmalta.com\/pt-br\/about-us\/#breadcrumb","itemListElement":[{"@type":"ListItem","position":1,"name":"Home","item":"https:\/\/getawaysmalta.com\/pt-br\/"},{"@type":"ListItem","position":2,"name":"Sobre n\u00f3s"}]},{"@type":"WebSite","@id":"https:\/\/getawaysmalta.com\/it\/#website","url":"https:\/\/getawaysmalta.com\/it\/","name":"Getaways","description":"Property For Rent Malta","potentialAction":[{"@type":"SearchAction","target":{"@type":"EntryPoint","urlTemplate":"https:\/\/getawaysmalta.com\/it\/?s={search_term_string}"},"query-input":{"@type":"PropertyValueSpecification","valueRequired":true,"valueName":"search_term_string"}}],"inLanguage":"pt-BR"}]}},"_links":{"self":[{"href":"https:\/\/getawaysmalta.com\/pt-br\/wp-json\/wp\/v2\/pages\/13170","targetHints":{"allow":["GET"]}}],"collection":[{"href":"https:\/\/getawaysmalta.com\/pt-br\/wp-json\/wp\/v2\/pages"}],"about":[{"href":"https:\/\/getawaysmalta.com\/pt-br\/wp-json\/wp\/v2\/types\/page"}],"author":[{"embeddable":true,"href":"https:\/\/getawaysmalta.com\/pt-br\/wp-json\/wp\/v2\/users\/1"}],"replies":[{"embeddable":true,"href":"https:\/\/getawaysmalta.com\/pt-br\/wp-json\/wp\/v2\/comments?post=13170"}],"version-history":[{"count":4,"href":"https:\/\/getawaysmalta.com\/pt-br\/wp-json\/wp\/v2\/pages\/13170\/revisions"}],"predecessor-version":[{"id":13202,"href":"https:\/\/getawaysmalta.com\/pt-br\/wp-json\/wp\/v2\/pages\/13170\/revisions\/13202"}],"wp:attachment":[{"href":"https:\/\/getawaysmalta.com\/pt-br\/wp-json\/wp\/v2\/media?parent=13170"}],"curies":[{"name":"wp","href":"https:\/\/api.w.org\/{rel}","templated":true}]}}