{"id":23435,"date":"2024-02-01T12:51:41","date_gmt":"2024-02-01T11:51:41","guid":{"rendered":"https:\/\/getawaysmalta.com\/?page_id=23435"},"modified":"2024-02-01T12:51:41","modified_gmt":"2024-02-01T11:51:41","slug":"termini-e-condizioni","status":"publish","type":"page","link":"https:\/\/getawaysmalta.com\/it\/termini-e-condizioni\/","title":{"rendered":"Termini e Condizioni"},"content":{"rendered":"<p><strong>Politica di prenotazione<\/strong><\/p>\n<p><strong>Politiche di check-in<\/strong><br \/>\nCHECK-IN dalle 15:00 in poi (possiamo fare il check-in automatico)<br \/>\nCHECK-OUT entro le ore 10:00 (late check out su disponibilit\u00e0)<br \/>\nGli ospiti sono tenuti a mostrare un documento d&#8217;identit\u00e0 con foto. Si prega di notare che tutte le richieste speciali sono soggette a disponibilit\u00e0 e potrebbero essere applicati costi aggiuntivi.<\/p>\n<p><strong>Bambini e letti supplementari<\/strong><br \/>\nTutti i bambini sono i benvenuti. Culla e seggiolone sono gratuiti su richiesta.<\/p>\n<p><strong>Animali domestici<\/strong><br \/>\nGli animali non sono ammessi.<\/p>\n<p><strong>Et\u00e0 minima<\/strong><br \/>\nC&#8217;\u00e8 un&#8217;et\u00e0 minima per il noleggio. Se non approvato in anticipo per iscritto, non possiamo affittare a bambini di et\u00e0 inferiore a 18 anni se non accompagnati da uno (1) o pi\u00f9 tutori o genitori adulti.<\/p>\n<p><strong>Feste\u00a0<\/strong><br \/>\nNon organizzeremo feste di addio al nubilato\/celibato o simili. Inoltre gli ospiti devono prestare attenzione al rispetto delle norme sociali ed etiche, a non fare rumore che possa arrecare disturbo, non sono ammesse feste, non sono ammesse musica ad alto volume e non svolgere alcuna attivit\u00e0 vietata. Gli ospiti sono tenuti a rispettare sempre la tranquillit\u00e0 dei loro vicini. Non \u00e8 consentita la musica all&#8217;aperto o al chiuso ad alto volume dalle 22:00 alle 07:00.<br \/>\nNell&#8217;interesse della sicurezza, \u00e8 necessario prestare sempre la dovuta attenzione nella struttura, soprattutto con i bambini. I bambini non devono mai essere lasciati incustoditi nei locali.<\/p>\n<p><strong>Termini &amp; Condizioni<\/strong><\/p>\n<p><strong>Costi aggiuntivi<\/strong><br \/>\nAll&#8217;arrivo \u00e8 richiesta una cauzione contro eventuali danni di un minimo di \u20ac 150 o \u20ac 50 a persona a seconda del numero degli ospiti. Tale importo verr\u00e0 rimborsato dopo l&#8217;ispezione della propriet\u00e0.<br \/>\nI costi di elettricit\u00e0, acqua comunale e pulizia sono inclusi nel prezzo di affitto per le prenotazioni di shortlet. Per il periodo mensile acqua ed elettricit\u00e0 non sono incluse.<br \/>\n\u00c8 previsto il Contributo Ambientale Nazionale pari a \u20ac 0,50 per persona al giorno (fino ad un massimo di \u20ac 5,00 per persona per soggiorno) da versare anche all&#8217;arrivo.<\/p>\n<p><strong>Consumi<\/strong><br \/>\nSi prega di notare che nel prezzo settimanale della propriet\u00e0 sono incluse le utenze come di seguito indicato:<br \/>\n0,5 metri cubi di acqua per persona a settimana<br \/>\n100 kWh per bilocale a settimana;<br \/>\n150 kWh per appartamento con 2 camere da letto a settimana;<br \/>\n200 kWh per appartamento con 3 camere da letto a settimana.<br \/>\nQuesti riferimenti di consumo per acqua ed elettricit\u00e0 dovrebbero essere pi\u00f9 che sufficienti per un utilizzo normale per una settimana. Spegni luci, aria condizionata ed elettrodomestici quando non li usi per restare nei limiti compresi nel prezzo.<br \/>\nIn caso di superamento dei parametri sopra indicati verranno applicate le seguenti tariffe per i consumi extra:<br \/>\n0,38 \u20ac al kWh per l&#8217;elettricit\u00e0 e 5,60 \u20ac al metro cubo per l&#8217;acqua.<br \/>\nI contatori dell&#8217;acqua e della luce vengono annotati all&#8217;inizio e alla fine del soggiorno.<br \/>\nPer quanto riguarda la tariffa mensile, si prega di notare che il prezzo non include le bollette dell&#8217;acqua e dell&#8217;elettricit\u00e0. L&#8217;ospite pagher\u00e0 solo quello che consuma. La stima abituale \u00e8 di euro 60\/80 al mese (senza l&#8217;uso dell&#8217;aria condizionata).<\/p>\n<p><strong>Spazzatura<\/strong><br \/>\nTutti i rifiuti\/rifiuti\/riciclaggio vengono portati fuori dall&#8217;appartamento e smaltiti nel modo corretto come da istruzioni.<\/p>\n<p><strong>Danni o perdite<\/strong><br \/>\nSi prega di trattare la Propriet\u00e0 affittata di conseguenza e di lasciare la Propriet\u00e0 e tutto il suo contenuto in buon ordine e in condizioni accettabilmente pulite. Eventuali danni o perdite causati durante il Periodo di noleggio, nonch\u00e9 eventuali esigenze particolari di pulizia, saranno a carico dell&#8217;Ospite e potranno essere addebitati sul conto dell&#8217;Ospite e detratti dal deposito cauzionale dell&#8217;Ospite. In caso di perdite o danni eccessivi o inaccettabili in qualsiasi momento durante il Periodo di noleggio, il Proprietario o il Rappresentante del Proprietario pu\u00f2 richiedere all&#8217;Ospite e al suo gruppo, compresi i visitatori, di lasciare immediatamente la Propriet\u00e0, senza alcun compenso o rimborso.<\/p>\n<p><strong>Accesso<\/strong><br \/>\nLa Propriet\u00e0 e le sue strutture sono a disposizione dell&#8217;Ospite durante il Periodo di Noleggio. Tuttavia, il Proprietario, il Rappresentante del Proprietario potrebbe aver bisogno di accedere alla Propriet\u00e0. A meno che non si tratti di un caso di emergenza, come ad esempio un incendio, il proprietario chieder\u00e0 sempre il permesso prima di entrare.<\/p>\n<p><strong>Numero di invitati<\/strong><br \/>\nIl numero delle persone (adulti e bambini) che soggiornano presso la Struttura non deve superare il numero massimo dei posti letto indicati nella conferma di prenotazione salvo specifica autorizzazione scritta. Il superamento di tale numero pu\u00f2 invalidare qualsiasi polizza assicurativa sull&#8217;Immobile. L&#8217;ingresso o l&#8217;accesso alla Propriet\u00e0 potr\u00e0 essere rifiutato o limitato laddove il numero di ospiti superi il requisito indicato.<\/p>\n<p><strong>Uso della propriet\u00e0<\/strong><br \/>\nSi presuppone che tutte le prenotazioni siano effettuate esclusivamente per normali scopi di vacanza e l&#8217;Ospite accetta che l&#8217;uso della Propriet\u00e0 sar\u00e0 limitato esclusivamente a questo scopo.<\/p>\n<p><strong>Subaffitto<\/strong><br \/>\nNon \u00e8 consentito alcun tipo di subaffitto<\/p>\n<p><strong>Condotta e dovuta diligenza<\/strong><br \/>\nL&#8217;Ospite \u00e8 tenuto a rispettarlo e ad assicurarsi che tutti gli ospiti e i visitatori della Struttura si comportino in modo adeguato. Le attivit\u00e0 illegali o immorali, tra cui il gioco d&#8217;azzardo, la prostituzione, le droghe proibite, il possesso o l&#8217;uso di articoli pirotecnici o pericolosi e il possesso o l&#8217;uso di armi da fuoco e altre armi sono tutte severamente proibite.<br \/>\n\u00c8 severamente vietato fumare. Se nell&#8217;appartamento c&#8217;\u00e8 odore di fumo, il locatore dovr\u00e0 trattenere un deposito cauzionale minimo di \u20ac 1.500 fino alla determinazione delle spese di pulizia e di eventuali costi a causa di compensazione\/trasferimento di nuovi ospiti.<\/p>\n<p><strong>Oggetti di valore e sicurezza<\/strong><br \/>\nEventuali oggetti di valore o propriet\u00e0 dell&#8217;Ospite lasciati o utilizzati presso la Propriet\u00e0 sono a rischio e pericolo dell&#8217;Ospite. N\u00e9 il Proprietario n\u00e9 il Rappresentante del Proprietario si assumono alcuna responsabilit\u00e0 per la perdita o il danneggiamento della propriet\u00e0 dell&#8217;Ospite. L&#8217;Ospite \u00e8 responsabile della Propriet\u00e0 durante il Periodo di Noleggio e deve garantire che tutte le finestre e le porte siano chiuse in modo sicuro quando non si trova nella struttura. Qualsiasi atto o omissione da parte dell&#8217;Ospite, di un suo accompagnatore e\/o dei visitatori che possa annullare o pregiudicare la polizza assicurativa della Propriet\u00e0 e\/o comportare perdite o danni \u00e8 responsabilit\u00e0 dell&#8217;Ospite.<\/p>\n<p><strong>Denunce, contestazioni<\/strong><br \/>\nVerr\u00e0 fatto ogni sforzo affinch\u00e9 l&#8217;ospite trascorra un soggiorno piacevole. Se l&#8217;Ospite dovesse avere un problema durante il Periodo di Noleggio, si prega di informare immediatamente il Proprietario o il Rappresentante del Proprietario che si impegner\u00e0 a rimettere le cose a posto. Affinch\u00e9 il reclamo dell&#8217;Ospite possa essere affrontato, l&#8217;Ospite deve comunicare qualsiasi problema riscontrato durante il soggiorno. Se non viene segnalato alcun reclamo durante il Periodo di locazione, il Proprietario presumer\u00e0 che la Propriet\u00e0 fosse soddisfacente per l&#8217;Ospite e non verr\u00e0 preso in considerazione alcun reclamo.<\/p>\n<p><strong>Disposizioni<\/strong><br \/>\nGli alloggi con angolo cottura richiedono che l&#8217;Ospite fornisca tutte le provviste e i materiali di consumo necessari per la vita quotidiana. Il personale della Struttura pu\u00f2 accogliere eventuali richieste ragionevoli di acquisto di provviste per conto dell&#8217;Ospite, e questo verr\u00e0 addebitato sul conto dell&#8217;Ospite.<\/p>\n<p><strong>Cause di Forza maggiore<\/strong><br \/>\nIl Proprietario o i Rappresentanti dei Proprietari non possono essere ritenuti responsabili per rimborsi o qualsiasi tipo di indennizzo nei confronti dell&#8217;Ospite(i), se la prenotazione della propriet\u00e0 ad hoc non \u00e8 possibile per motivi al di fuori del controllo dei Proprietari o dei Rappresentanti dei Proprietari, incluso senza limitazione possibili incendi, condizioni climatiche estreme, controversie di lavoro o altri eventi di forza maggiore.<\/p>\n<p><strong>Protezione dei dati personali<\/strong><br \/>\nIl presente accordo \u00e8 regolato dalle leggi e dai regolamenti maltesi sulla protezione dei dati insieme al Regolamento generale sulla protezione dei dati (GDPR). Autorizzi inoltre espressamente il Titolare a fornire i tuoi dati personali alle rispettive autorit\u00e0 nazionali per la protezione dei dati ai fini del rispetto delle leggi e dei regolamenti applicabili.<\/p>\n<p><strong>Giurisdizione<\/strong><br \/>\nIl presente accordo sar\u00e0 regolato dalle leggi di Malta e dal sistema giurisdizionale maltese. In caso di controversia derivante dalla prenotazione e dall&#8217;affitto della propriet\u00e0 che non pu\u00f2 essere risolta amichevolmente tra le parti, entrambe le parti accettano di deferire la questione esclusivamente ai tribunali maltesi.<\/p>\n<p>L&#8217;Ospite dichiara che i presenti termini e condizioni sono stati letti, compresi e accettati e accettati dall&#8217;Ospite senza riserve e senza eccezioni.<\/p>\n","protected":false},"excerpt":{"rendered":"<p>Politica di prenotazione Politiche di check-in CHECK-IN dalle 15:00 in poi (possiamo fare il check-in automatico) CHECK-OUT entro le ore 10:00 (late check out su disponibilit\u00e0) Gli ospiti sono tenuti a mostrare un documento d&#8217;identit\u00e0 con foto. Si prega di notare che tutte le richieste speciali sono soggette a disponibilit\u00e0 e potrebbero essere applicati costi aggiuntivi. Bambini e letti supplementari&#8230;<\/p>\n<div><a href=\"https:\/\/getawaysmalta.com\/it\/termini-e-condizioni\/\" class=\"read-more\">Read More <i class=\"fa fa-arrow-circle-o-right\"><\/i><\/a><\/div>\n","protected":false},"author":3,"featured_media":0,"parent":0,"menu_order":0,"comment_status":"closed","ping_status":"closed","template":"","meta":{"footnotes":""},"class_list":["post-23435","page","type-page","status-publish","hentry","no-featured"],"yoast_head":"<!-- This site is optimized with the Yoast SEO plugin v27.4 - https:\/\/yoast.com\/product\/yoast-seo-wordpress\/ -->\n<title>Termini e Condizioni - Getaways<\/title>\n<meta name=\"robots\" content=\"index, follow, max-snippet:-1, max-image-preview:large, max-video-preview:-1\" \/>\n<link rel=\"canonical\" href=\"https:\/\/getawaysmalta.com\/it\/termini-e-condizioni\/\" \/>\n<meta property=\"og:locale\" content=\"it_IT\" \/>\n<meta property=\"og:type\" content=\"article\" \/>\n<meta property=\"og:title\" content=\"Termini e Condizioni - Getaways\" \/>\n<meta property=\"og:description\" content=\"Politica di prenotazione Politiche di check-in CHECK-IN dalle 15:00 in poi (possiamo fare il check-in automatico) CHECK-OUT entro le ore 10:00 (late check out su disponibilit\u00e0) Gli ospiti sono tenuti a mostrare un documento d&#8217;identit\u00e0 con foto. Si prega di notare che tutte le richieste speciali sono soggette a disponibilit\u00e0 e potrebbero essere applicati costi aggiuntivi. Bambini e letti supplementari...Read More\" \/>\n<meta property=\"og:url\" content=\"https:\/\/getawaysmalta.com\/it\/termini-e-condizioni\/\" \/>\n<meta property=\"og:site_name\" content=\"Getaways\" \/>\n<meta name=\"twitter:card\" content=\"summary_large_image\" \/>\n<meta name=\"twitter:label1\" content=\"Tempo di lettura stimato\" \/>\n\t<meta name=\"twitter:data1\" content=\"6 minuti\" \/>\n<script type=\"application\/ld+json\" class=\"yoast-schema-graph\">{\"@context\":\"https:\\\/\\\/schema.org\",\"@graph\":[{\"@type\":\"WebPage\",\"@id\":\"https:\\\/\\\/getawaysmalta.com\\\/it\\\/termini-e-condizioni\\\/\",\"url\":\"https:\\\/\\\/getawaysmalta.com\\\/it\\\/termini-e-condizioni\\\/\",\"name\":\"Termini e Condizioni - Getaways\",\"isPartOf\":{\"@id\":\"https:\\\/\\\/getawaysmalta.com\\\/it\\\/#website\"},\"datePublished\":\"2024-02-01T11:51:41+00:00\",\"breadcrumb\":{\"@id\":\"https:\\\/\\\/getawaysmalta.com\\\/it\\\/termini-e-condizioni\\\/#breadcrumb\"},\"inLanguage\":\"it-IT\",\"potentialAction\":[{\"@type\":\"ReadAction\",\"target\":[\"https:\\\/\\\/getawaysmalta.com\\\/it\\\/termini-e-condizioni\\\/\"]}]},{\"@type\":\"BreadcrumbList\",\"@id\":\"https:\\\/\\\/getawaysmalta.com\\\/it\\\/termini-e-condizioni\\\/#breadcrumb\",\"itemListElement\":[{\"@type\":\"ListItem\",\"position\":1,\"name\":\"Home\",\"item\":\"https:\\\/\\\/getawaysmalta.com\\\/it\\\/\"},{\"@type\":\"ListItem\",\"position\":2,\"name\":\"Termini e Condizioni\"}]},{\"@type\":\"WebSite\",\"@id\":\"https:\\\/\\\/getawaysmalta.com\\\/it\\\/#website\",\"url\":\"https:\\\/\\\/getawaysmalta.com\\\/it\\\/\",\"name\":\"Getaways\",\"description\":\"Property For Rent Malta\",\"potentialAction\":[{\"@type\":\"SearchAction\",\"target\":{\"@type\":\"EntryPoint\",\"urlTemplate\":\"https:\\\/\\\/getawaysmalta.com\\\/it\\\/?s={search_term_string}\"},\"query-input\":{\"@type\":\"PropertyValueSpecification\",\"valueRequired\":true,\"valueName\":\"search_term_string\"}}],\"inLanguage\":\"it-IT\"}]}<\/script>\n<!-- \/ Yoast SEO plugin. -->","yoast_head_json":{"title":"Termini e Condizioni - Getaways","robots":{"index":"index","follow":"follow","max-snippet":"max-snippet:-1","max-image-preview":"max-image-preview:large","max-video-preview":"max-video-preview:-1"},"canonical":"https:\/\/getawaysmalta.com\/it\/termini-e-condizioni\/","og_locale":"it_IT","og_type":"article","og_title":"Termini e Condizioni - Getaways","og_description":"Politica di prenotazione Politiche di check-in CHECK-IN dalle 15:00 in poi (possiamo fare il check-in automatico) CHECK-OUT entro le ore 10:00 (late check out su disponibilit\u00e0) Gli ospiti sono tenuti a mostrare un documento d&#8217;identit\u00e0 con foto. Si prega di notare che tutte le richieste speciali sono soggette a disponibilit\u00e0 e potrebbero essere applicati costi aggiuntivi. Bambini e letti supplementari...Read More","og_url":"https:\/\/getawaysmalta.com\/it\/termini-e-condizioni\/","og_site_name":"Getaways","twitter_card":"summary_large_image","twitter_misc":{"Tempo di lettura stimato":"6 minuti"},"schema":{"@context":"https:\/\/schema.org","@graph":[{"@type":"WebPage","@id":"https:\/\/getawaysmalta.com\/it\/termini-e-condizioni\/","url":"https:\/\/getawaysmalta.com\/it\/termini-e-condizioni\/","name":"Termini e Condizioni - Getaways","isPartOf":{"@id":"https:\/\/getawaysmalta.com\/it\/#website"},"datePublished":"2024-02-01T11:51:41+00:00","breadcrumb":{"@id":"https:\/\/getawaysmalta.com\/it\/termini-e-condizioni\/#breadcrumb"},"inLanguage":"it-IT","potentialAction":[{"@type":"ReadAction","target":["https:\/\/getawaysmalta.com\/it\/termini-e-condizioni\/"]}]},{"@type":"BreadcrumbList","@id":"https:\/\/getawaysmalta.com\/it\/termini-e-condizioni\/#breadcrumb","itemListElement":[{"@type":"ListItem","position":1,"name":"Home","item":"https:\/\/getawaysmalta.com\/it\/"},{"@type":"ListItem","position":2,"name":"Termini e Condizioni"}]},{"@type":"WebSite","@id":"https:\/\/getawaysmalta.com\/it\/#website","url":"https:\/\/getawaysmalta.com\/it\/","name":"Getaways","description":"Property For Rent Malta","potentialAction":[{"@type":"SearchAction","target":{"@type":"EntryPoint","urlTemplate":"https:\/\/getawaysmalta.com\/it\/?s={search_term_string}"},"query-input":{"@type":"PropertyValueSpecification","valueRequired":true,"valueName":"search_term_string"}}],"inLanguage":"it-IT"}]}},"_links":{"self":[{"href":"https:\/\/getawaysmalta.com\/it\/wp-json\/wp\/v2\/pages\/23435","targetHints":{"allow":["GET"]}}],"collection":[{"href":"https:\/\/getawaysmalta.com\/it\/wp-json\/wp\/v2\/pages"}],"about":[{"href":"https:\/\/getawaysmalta.com\/it\/wp-json\/wp\/v2\/types\/page"}],"author":[{"embeddable":true,"href":"https:\/\/getawaysmalta.com\/it\/wp-json\/wp\/v2\/users\/3"}],"replies":[{"embeddable":true,"href":"https:\/\/getawaysmalta.com\/it\/wp-json\/wp\/v2\/comments?post=23435"}],"version-history":[{"count":1,"href":"https:\/\/getawaysmalta.com\/it\/wp-json\/wp\/v2\/pages\/23435\/revisions"}],"predecessor-version":[{"id":23436,"href":"https:\/\/getawaysmalta.com\/it\/wp-json\/wp\/v2\/pages\/23435\/revisions\/23436"}],"wp:attachment":[{"href":"https:\/\/getawaysmalta.com\/it\/wp-json\/wp\/v2\/media?parent=23435"}],"curies":[{"name":"wp","href":"https:\/\/api.w.org\/{rel}","templated":true}]}}