{"id":23433,"date":"2024-02-01T12:48:23","date_gmt":"2024-02-01T11:48:23","guid":{"rendered":"https:\/\/getawaysmalta.com\/?page_id=23433"},"modified":"2024-02-01T12:48:23","modified_gmt":"2024-02-01T11:48:23","slug":"termes-conditions","status":"publish","type":"page","link":"https:\/\/getawaysmalta.com\/fr\/termes-conditions\/","title":{"rendered":"Termes &#038; Conditions"},"content":{"rendered":"<p><strong>Politique de r\u00e9servation<\/strong><\/p>\n<p><strong>Politiques d&rsquo;enregistrement<\/strong><br \/>\nHeure d&rsquo;enregistrement \u00e0 partir de 15h00 (nous pouvons proc\u00e9der \u00e0 un enregistrement automatique)<br \/>\nHeure de CHECK-OUT jusqu&rsquo;\u00e0 10h00 (d\u00e9part tardif selon disponibilit\u00e9)<br \/>\nVous devrez pr\u00e9senter une pi\u00e8ce d&rsquo;identit\u00e9 avec photo. Veuillez noter que toutes les demandes sp\u00e9ciales sont soumises \u00e0 disponibilit\u00e9 et que des frais suppl\u00e9mentaires peuvent s&rsquo;appliquer.<\/p>\n<p><strong>Enfants et lits suppl\u00e9mentaires<\/strong><br \/>\nTous les enfants sont les bienvenus. Lit b\u00e9b\u00e9 et chaise haute sont gratuits sur demande.<\/p>\n<p><strong>Animaux domestiques<\/strong><br \/>\nLes animaux ne sont pas accept\u00e9s.<\/p>\n<p><strong>\u00c2ge minimum<\/strong><br \/>\nIl y a un \u00e2ge minimum pour louer. Sauf autorisation \u00e9crite pr\u00e9alable, nous ne pouvons pas louer \u00e0 des enfants de moins de 18 ans \u00e0 moins d&rsquo;\u00eatre accompagn\u00e9s d&rsquo;un (1) ou plusieurs tuteurs ou parents adultes.<\/p>\n<p><strong>Pas de f\u00eates<\/strong><br \/>\nNous n&rsquo;accepterons pas de f\u00eates de poule, de cerf ou similaires. De plus, les clients doivent veiller \u00e0 respecter les r\u00e8gles sociales et \u00e9thiques, \u00e0 ne pas faire de bruit susceptible de g\u00eaner, aucune f\u00eate, aucune musique forte n&rsquo;est autoris\u00e9e et \u00e0 ne se livrer \u00e0 aucune activit\u00e9 interdite. Les clients sont tenus de respecter la tranquillit\u00e9 de leurs voisins \u00e0 tout moment. Aucune musique forte \u00e0 l&rsquo;ext\u00e9rieur ou \u00e0 l&rsquo;int\u00e9rieur n&rsquo;est autoris\u00e9e de 22h00 \u00e0 7h00.<br \/>\nDans l&rsquo;int\u00e9r\u00eat de la s\u00e9curit\u00e9, des pr\u00e9cautions doivent \u00eatre prises \u00e0 tout moment dans la propri\u00e9t\u00e9, en particulier avec des enfants. Les enfants ne doivent jamais \u00eatre laiss\u00e9s sans surveillance dans les locaux.<\/p>\n<p><strong>Termes et conditions<\/strong><\/p>\n<p><strong>Co\u00fbts additionnels<\/strong><br \/>\n\u00c0 l&rsquo;arriv\u00e9e, nous demandons une caution contre les dommages d&rsquo;un minimum de 150 \u20ac ou 50 \u20ac par personne en fonction du nombre d&rsquo;invit\u00e9s. Ceci est rembours\u00e9 apr\u00e8s inspection de la propri\u00e9t\u00e9.<br \/>\nLes frais d&rsquo;\u00e9lectricit\u00e9, d&rsquo;eau courante et de m\u00e9nage sont inclus dans les tarifs de location des r\u00e9servations de shorlet. Pour la p\u00e9riode mensuelle, l&rsquo;eau et l&rsquo;\u00e9lectricit\u00e9 ne sont pas incluses.<br \/>\nIl existe une taxe nationale de contribution environnementale de 0,50 \u20ac par personne et par jour (jusqu&rsquo;\u00e0 un maximum de 5,00 \u20ac par personne et par s\u00e9jour) qui est \u00e9galement payable \u00e0 l&rsquo;arriv\u00e9e.<\/p>\n<p><strong>Utilitaires<\/strong><br \/>\nVeuillez noter que dans le prix hebdomadaire de la propri\u00e9t\u00e9, les services publics sont inclus comme ci-dessous\u00a0:<br \/>\n0,5 m\u00e8tre cube d&rsquo;eau par personne et par semaine<br \/>\n100 kWh par appartement 1 chambre et par semaine\u00a0;<br \/>\n150 kWh par appartement de 2 chambres et par semaine\u00a0;<br \/>\n200 kWh par appartement de 3 chambres et par semaine.<br \/>\nCes r\u00e9f\u00e9rences de consommation d&rsquo;eau et d&rsquo;\u00e9lectricit\u00e9 devraient \u00eatre largement suffisantes pour une utilisation normale pendant une semaine. \u00c9teignez les lumi\u00e8res, la climatisation et les appareils \u00e9lectriques lorsque vous ne les utilisez pas pour rester dans les limites incluses dans le prix.<br \/>\nEn cas de d\u00e9passement des param\u00e8tres mentionn\u00e9s ci-dessus, les tarifs suivants s&rsquo;appliqueront pour la consommation suppl\u00e9mentaire :<br \/>\n0,38 \u20ac le kWh pour l&rsquo;\u00e9lectricit\u00e9 et 5,60 \u20ac le m\u00e8tre cube pour l&rsquo;eau.<br \/>\nLes compteurs d&rsquo;eau et d&rsquo;\u00e9lectricit\u00e9 sont relev\u00e9s en d\u00e9but et en fin de s\u00e9jour.<br \/>\nConcernant le tarif mensuel, veuillez noter que le prix ne comprend pas les factures d&rsquo;eau, et d&rsquo;\u00e9lectricit\u00e9. Le client ne paiera que ce qu&rsquo;il consomme. L&rsquo;estimation habituelle est de 60\/80 euros par mois (sans utilisation de la climatisation).<\/p>\n<p><strong>Ordures<\/strong><br \/>\nTous les d\u00e9chets\/d\u00e9chets\/recyclage sont sortis de l&rsquo;appartement et \u00e9limin\u00e9s de la mani\u00e8re correcte selon les instructions.<\/p>\n<p><strong>Dommages ou pertes<\/strong><br \/>\nVeuillez traiter la propri\u00e9t\u00e9 lou\u00e9e en cons\u00e9quence et laisser la propri\u00e9t\u00e9 et tout son contenu en bon \u00e9tat et dans un \u00e9tat de propret\u00e9 acceptable. Tout dommage ou perte caus\u00e9 pendant la p\u00e9riode de location, ainsi que toute exigence particuli\u00e8re en mati\u00e8re de nettoyage, seront \u00e0 la charge du client et pourront \u00eatre factur\u00e9s sur son compte et d\u00e9duits de son d\u00e9p\u00f4t de garantie. En cas de perte ou de dommage excessif ou inacceptable \u00e0 tout moment pendant la p\u00e9riode de location, le propri\u00e9taire ou son repr\u00e9sentant peut exiger que l&rsquo;invit\u00e9 et son groupe, y compris les visiteurs, quittent la propri\u00e9t\u00e9 imm\u00e9diatement, sans compensation ni remboursement.<\/p>\n<p><strong>Acc\u00e9der<\/strong><br \/>\nLa Propri\u00e9t\u00e9 et ses installations sont disponibles pour le plein plaisir du Client pendant la P\u00e9riode de Location. Cependant, le propri\u00e9taire, repr\u00e9sentant du propri\u00e9taire, peut avoir besoin d&rsquo;acc\u00e9der \u00e0 la propri\u00e9t\u00e9. Sauf s&rsquo;il s&rsquo;agit d&rsquo;un cas d&rsquo;urgence comme un incendie par exemple, le propri\u00e9taire demandera toujours la permission avant d&rsquo;entrer.<\/p>\n<p><strong>Nombre d&rsquo;invit\u00e9s<\/strong><br \/>\nLe nombre de personnes (adultes et enfants) s\u00e9journant dans la Propri\u00e9t\u00e9 ne doit pas d\u00e9passer le nombre maximum de places de couchage indiqu\u00e9 dans la confirmation de r\u00e9servation, sauf autorisation expresse \u00e9crite. Le d\u00e9passement de ce nombre peut invalider toute police d&rsquo;assurance sur la Propri\u00e9t\u00e9. L&rsquo;entr\u00e9e ou l&rsquo;acc\u00e8s \u00e0 la Propri\u00e9t\u00e9 peut \u00eatre refus\u00e9 ou limit\u00e9 lorsque le nombre d&rsquo;invit\u00e9s d\u00e9passe l&rsquo;exigence indiqu\u00e9e.<\/p>\n<p><strong>Utilisation de la propri\u00e9t\u00e9<\/strong><br \/>\nToutes les r\u00e9servations sont suppos\u00e9es \u00eatre destin\u00e9es uniquement \u00e0 des fins de vacances normales, et le client accepte que l&rsquo;utilisation de la propri\u00e9t\u00e9 soit limit\u00e9e \u00e0 cette seule fin.<\/p>\n<p><strong>Sous-location<\/strong><br \/>\nAucun type de sous-location n&rsquo;est autoris\u00e9<\/p>\n<p><strong>Conduite et diligence requise<\/strong><br \/>\nLe client est pri\u00e9 de respecter cela et de s&rsquo;assurer que tous les invit\u00e9s et visiteurs de la propri\u00e9t\u00e9 se comportent de mani\u00e8re appropri\u00e9e. Les activit\u00e9s ill\u00e9gales ou immorales, notamment les jeux de hasard, la prostitution, les drogues interdites, la possession ou l&rsquo;utilisation de pi\u00e8ces pyrotechniques ou de marchandises dangereuses, ainsi que la possession ou l&rsquo;utilisation d&rsquo;armes \u00e0 feu et d&rsquo;autres armes, sont toutes strictement interdites.<br \/>\nIl est strictement interdit de fumer. Si l&rsquo;appartement sent le tabac, une caution minimum de 1 500 \u20ac doit \u00eatre conserv\u00e9e par le bailleur jusqu&rsquo;\u00e0 d\u00e9termination des frais de m\u00e9nage et des \u00e9ventuels frais en raison de la compensation\/d\u00e9m\u00e9nagement de nouveaux invit\u00e9s.<\/p>\n<p><strong>Objets de valeur et s\u00e9curit\u00e9<\/strong><br \/>\nTous les objets de valeur ou biens du Client laiss\u00e9s ou utilis\u00e9s dans la Propri\u00e9t\u00e9 sont aux risques et p\u00e9rils du Client. Ni le propri\u00e9taire ni le repr\u00e9sentant du propri\u00e9taire n&rsquo;acceptent aucune responsabilit\u00e9 en cas de perte ou de dommage \u00e0 la propri\u00e9t\u00e9 des invit\u00e9s. Le client est responsable de la propri\u00e9t\u00e9 pendant la p\u00e9riode de location et doit s&rsquo;assurer que toutes les fen\u00eatres et portes sont bien verrouill\u00e9es lorsqu&rsquo;il n&rsquo;est pas sur les lieux. Tout acte ou omission de la part du Client, de son groupe et\/ou des visiteurs qui pourrait annuler ou porter pr\u00e9judice \u00e0 la police d&rsquo;assurance de la Propri\u00e9t\u00e9 et\/ou entra\u00eener une perte ou un dommage rel\u00e8ve de la responsabilit\u00e9 du Client.<\/p>\n<p><strong>Plaintes<\/strong><br \/>\nTout sera mis en \u0153uvre pour que le client passe un s\u00e9jour agr\u00e9able. Si le client rencontre un probl\u00e8me pendant la p\u00e9riode de location, veuillez en informer imm\u00e9diatement le propri\u00e9taire ou son repr\u00e9sentant qui s&rsquo;efforcera de rem\u00e9dier aux choses. Pour que la plainte du client soit trait\u00e9e, ce dernier doit signaler tout probl\u00e8me pendant qu&rsquo;il est sur place. Si aucune plainte n&rsquo;est signal\u00e9e pendant la p\u00e9riode de location, le propri\u00e9taire supposera que la propri\u00e9t\u00e9 \u00e9tait \u00e0 la satisfaction du client et aucune plainte ne sera accept\u00e9e.<\/p>\n<p><strong>Des provisions<\/strong><br \/>\nLes h\u00e9bergements ind\u00e9pendants exigent que le client fournisse toutes les provisions et consommables n\u00e9cessaires \u00e0 la vie quotidienne. Le personnel de la Propri\u00e9t\u00e9 peut r\u00e9pondre \u00e0 toute demande raisonnable d&rsquo;achat de provisions au nom du Client, et cela sera factur\u00e9 sur le compte du Client.<\/p>\n<p><strong>Force majeure<\/strong><br \/>\nLe propri\u00e9taire ou les repr\u00e9sentants des propri\u00e9taires ne peuvent \u00eatre tenus responsables du remboursement ou de toute sorte d&rsquo;indemnisation du ou des invit\u00e9s, si la r\u00e9servation de la propri\u00e9t\u00e9 est ponctuelle et impossible pour des raisons ind\u00e9pendantes du contr\u00f4le des propri\u00e9taires ou des repr\u00e9sentants des propri\u00e9taires, y compris, sans limitation. d&rsquo;\u00e9ventuels incendies, conditions climatiques extr\u00eames, conflits de travail ou autres \u00e9v\u00e9nements de force majeure.<\/p>\n<p><strong>Protection des donn\u00e9es personnelles<\/strong><br \/>\nCet accord est r\u00e9gi par les lois et r\u00e9glementations maltaises sur la protection des donn\u00e9es ainsi que par le R\u00e8glement g\u00e9n\u00e9ral sur la protection des donn\u00e9es (RGPD). Vous autorisez \u00e9galement express\u00e9ment le Propri\u00e9taire \u00e0 fournir vos donn\u00e9es personnelles aux autorit\u00e9s nationales de protection des donn\u00e9es respectives aux fins de conformit\u00e9 aux lois et r\u00e9glementations applicables.<\/p>\n<p><strong>Juridiction<\/strong><br \/>\nCet accord sera r\u00e9gi par les lois de Malte et le syst\u00e8me juridictionnel maltais. En cas de litige d\u00e9coulant de la r\u00e9servation et de la location de la propri\u00e9t\u00e9 qui ne peut \u00eatre r\u00e9solu \u00e0 l&rsquo;amiable entre les parties, les deux parties conviennent de saisir exclusivement les tribunaux maltais.<\/p>\n<p>Le Client reconna\u00eet que ces termes et conditions ont \u00e9t\u00e9 lus, compris et ont \u00e9t\u00e9 accept\u00e9s et accept\u00e9s par le Client sans r\u00e9serve et sans exception.<\/p>\n","protected":false},"excerpt":{"rendered":"<p>Politique de r\u00e9servation Politiques d&rsquo;enregistrement Heure d&rsquo;enregistrement \u00e0 partir de 15h00 (nous pouvons proc\u00e9der \u00e0 un enregistrement automatique) Heure de CHECK-OUT jusqu&rsquo;\u00e0 10h00 (d\u00e9part tardif selon disponibilit\u00e9) Vous devrez pr\u00e9senter une pi\u00e8ce d&rsquo;identit\u00e9 avec photo. Veuillez noter que toutes les demandes sp\u00e9ciales sont soumises \u00e0 disponibilit\u00e9 et que des frais suppl\u00e9mentaires peuvent s&rsquo;appliquer. Enfants et lits suppl\u00e9mentaires Tous les enfants&#8230;<\/p>\n<div><a href=\"https:\/\/getawaysmalta.com\/fr\/termes-conditions\/\" class=\"read-more\">Read More <i class=\"fa fa-arrow-circle-o-right\"><\/i><\/a><\/div>\n","protected":false},"author":3,"featured_media":0,"parent":0,"menu_order":0,"comment_status":"closed","ping_status":"closed","template":"","meta":{"footnotes":""},"class_list":["post-23433","page","type-page","status-publish","hentry","no-featured"],"yoast_head":"<!-- This site is optimized with the Yoast SEO plugin v26.9 - https:\/\/yoast.com\/product\/yoast-seo-wordpress\/ -->\n<title>Termes &amp; Conditions - Getaways<\/title>\n<meta name=\"robots\" content=\"index, follow, max-snippet:-1, max-image-preview:large, max-video-preview:-1\" \/>\n<link rel=\"canonical\" href=\"https:\/\/getawaysmalta.com\/fr\/termes-conditions\/\" \/>\n<meta property=\"og:locale\" content=\"fr_FR\" \/>\n<meta property=\"og:type\" content=\"article\" \/>\n<meta property=\"og:title\" content=\"Termes &amp; Conditions - Getaways\" \/>\n<meta property=\"og:description\" content=\"Politique de r\u00e9servation Politiques d&rsquo;enregistrement Heure d&rsquo;enregistrement \u00e0 partir de 15h00 (nous pouvons proc\u00e9der \u00e0 un enregistrement automatique) Heure de CHECK-OUT jusqu&rsquo;\u00e0 10h00 (d\u00e9part tardif selon disponibilit\u00e9) Vous devrez pr\u00e9senter une pi\u00e8ce d&rsquo;identit\u00e9 avec photo. Veuillez noter que toutes les demandes sp\u00e9ciales sont soumises \u00e0 disponibilit\u00e9 et que des frais suppl\u00e9mentaires peuvent s&rsquo;appliquer. Enfants et lits suppl\u00e9mentaires Tous les enfants...Read More\" \/>\n<meta property=\"og:url\" content=\"https:\/\/getawaysmalta.com\/fr\/termes-conditions\/\" \/>\n<meta property=\"og:site_name\" content=\"Getaways\" \/>\n<meta name=\"twitter:card\" content=\"summary_large_image\" \/>\n<meta name=\"twitter:label1\" content=\"Dur\u00e9e de lecture estim\u00e9e\" \/>\n\t<meta name=\"twitter:data1\" content=\"6 minutes\" \/>\n<script type=\"application\/ld+json\" class=\"yoast-schema-graph\">{\"@context\":\"https:\/\/schema.org\",\"@graph\":[{\"@type\":\"WebPage\",\"@id\":\"https:\/\/getawaysmalta.com\/fr\/termes-conditions\/\",\"url\":\"https:\/\/getawaysmalta.com\/fr\/termes-conditions\/\",\"name\":\"Termes & Conditions - Getaways\",\"isPartOf\":{\"@id\":\"https:\/\/getawaysmalta.com\/it\/#website\"},\"datePublished\":\"2024-02-01T11:48:23+00:00\",\"breadcrumb\":{\"@id\":\"https:\/\/getawaysmalta.com\/fr\/termes-conditions\/#breadcrumb\"},\"inLanguage\":\"fr-FR\",\"potentialAction\":[{\"@type\":\"ReadAction\",\"target\":[\"https:\/\/getawaysmalta.com\/fr\/termes-conditions\/\"]}]},{\"@type\":\"BreadcrumbList\",\"@id\":\"https:\/\/getawaysmalta.com\/fr\/termes-conditions\/#breadcrumb\",\"itemListElement\":[{\"@type\":\"ListItem\",\"position\":1,\"name\":\"Home\",\"item\":\"https:\/\/getawaysmalta.com\/fr\/\"},{\"@type\":\"ListItem\",\"position\":2,\"name\":\"Termes &#038; Conditions\"}]},{\"@type\":\"WebSite\",\"@id\":\"https:\/\/getawaysmalta.com\/it\/#website\",\"url\":\"https:\/\/getawaysmalta.com\/it\/\",\"name\":\"Getaways\",\"description\":\"Property For Rent Malta\",\"potentialAction\":[{\"@type\":\"SearchAction\",\"target\":{\"@type\":\"EntryPoint\",\"urlTemplate\":\"https:\/\/getawaysmalta.com\/it\/?s={search_term_string}\"},\"query-input\":{\"@type\":\"PropertyValueSpecification\",\"valueRequired\":true,\"valueName\":\"search_term_string\"}}],\"inLanguage\":\"fr-FR\"}]}<\/script>\n<!-- \/ Yoast SEO plugin. -->","yoast_head_json":{"title":"Termes & Conditions - Getaways","robots":{"index":"index","follow":"follow","max-snippet":"max-snippet:-1","max-image-preview":"max-image-preview:large","max-video-preview":"max-video-preview:-1"},"canonical":"https:\/\/getawaysmalta.com\/fr\/termes-conditions\/","og_locale":"fr_FR","og_type":"article","og_title":"Termes & Conditions - Getaways","og_description":"Politique de r\u00e9servation Politiques d&rsquo;enregistrement Heure d&rsquo;enregistrement \u00e0 partir de 15h00 (nous pouvons proc\u00e9der \u00e0 un enregistrement automatique) Heure de CHECK-OUT jusqu&rsquo;\u00e0 10h00 (d\u00e9part tardif selon disponibilit\u00e9) Vous devrez pr\u00e9senter une pi\u00e8ce d&rsquo;identit\u00e9 avec photo. Veuillez noter que toutes les demandes sp\u00e9ciales sont soumises \u00e0 disponibilit\u00e9 et que des frais suppl\u00e9mentaires peuvent s&rsquo;appliquer. Enfants et lits suppl\u00e9mentaires Tous les enfants...Read More","og_url":"https:\/\/getawaysmalta.com\/fr\/termes-conditions\/","og_site_name":"Getaways","twitter_card":"summary_large_image","twitter_misc":{"Dur\u00e9e de lecture estim\u00e9e":"6 minutes"},"schema":{"@context":"https:\/\/schema.org","@graph":[{"@type":"WebPage","@id":"https:\/\/getawaysmalta.com\/fr\/termes-conditions\/","url":"https:\/\/getawaysmalta.com\/fr\/termes-conditions\/","name":"Termes & Conditions - Getaways","isPartOf":{"@id":"https:\/\/getawaysmalta.com\/it\/#website"},"datePublished":"2024-02-01T11:48:23+00:00","breadcrumb":{"@id":"https:\/\/getawaysmalta.com\/fr\/termes-conditions\/#breadcrumb"},"inLanguage":"fr-FR","potentialAction":[{"@type":"ReadAction","target":["https:\/\/getawaysmalta.com\/fr\/termes-conditions\/"]}]},{"@type":"BreadcrumbList","@id":"https:\/\/getawaysmalta.com\/fr\/termes-conditions\/#breadcrumb","itemListElement":[{"@type":"ListItem","position":1,"name":"Home","item":"https:\/\/getawaysmalta.com\/fr\/"},{"@type":"ListItem","position":2,"name":"Termes &#038; Conditions"}]},{"@type":"WebSite","@id":"https:\/\/getawaysmalta.com\/it\/#website","url":"https:\/\/getawaysmalta.com\/it\/","name":"Getaways","description":"Property For Rent Malta","potentialAction":[{"@type":"SearchAction","target":{"@type":"EntryPoint","urlTemplate":"https:\/\/getawaysmalta.com\/it\/?s={search_term_string}"},"query-input":{"@type":"PropertyValueSpecification","valueRequired":true,"valueName":"search_term_string"}}],"inLanguage":"fr-FR"}]}},"_links":{"self":[{"href":"https:\/\/getawaysmalta.com\/fr\/wp-json\/wp\/v2\/pages\/23433","targetHints":{"allow":["GET"]}}],"collection":[{"href":"https:\/\/getawaysmalta.com\/fr\/wp-json\/wp\/v2\/pages"}],"about":[{"href":"https:\/\/getawaysmalta.com\/fr\/wp-json\/wp\/v2\/types\/page"}],"author":[{"embeddable":true,"href":"https:\/\/getawaysmalta.com\/fr\/wp-json\/wp\/v2\/users\/3"}],"replies":[{"embeddable":true,"href":"https:\/\/getawaysmalta.com\/fr\/wp-json\/wp\/v2\/comments?post=23433"}],"version-history":[{"count":1,"href":"https:\/\/getawaysmalta.com\/fr\/wp-json\/wp\/v2\/pages\/23433\/revisions"}],"predecessor-version":[{"id":23434,"href":"https:\/\/getawaysmalta.com\/fr\/wp-json\/wp\/v2\/pages\/23433\/revisions\/23434"}],"wp:attachment":[{"href":"https:\/\/getawaysmalta.com\/fr\/wp-json\/wp\/v2\/media?parent=23433"}],"curies":[{"name":"wp","href":"https:\/\/api.w.org\/{rel}","templated":true}]}}