{"id":11297,"date":"2017-07-04T12:53:42","date_gmt":"2017-07-04T10:53:42","guid":{"rendered":"https:\/\/getawaysmalta.com\/?page_id=11297\/"},"modified":"2018-08-20T09:51:10","modified_gmt":"2018-08-20T07:51:10","slug":"about-us","status":"publish","type":"page","link":"https:\/\/getawaysmalta.com\/fr\/about-us\/","title":{"rendered":"\u00c0 propos de nous"},"content":{"rendered":"<p>Je m&rsquo;appelle Neville Galea et, avec ma femme, Ruth Galea et nos employ\u00e9s, nous organisons nos maisons de vacances avec une grande passion.<\/p>\n<p>Mon p\u00e8re Joseph Galea a commenc\u00e9 \u00e0 louer des appartements en 1981 et c&rsquo;est ainsi qu&rsquo;il est devenu une tradition familiale.<\/p>\n<p>Nos maisons de vacances sont dans les meilleurs endroits touristiques et ont \u00e9t\u00e9 con\u00e7ues, construites et meubl\u00e9es \u00e0 cet effet.<\/p>\n<p>Nous faisons de notre mieux pour offrir un h\u00e9bergement de haute qualit\u00e9 aux meilleurs prix.<\/p>\n<p>Contrairement aux petits propri\u00e9taires de maisons de vacances, nous sommes toujours disponibles, notre personnel d&rsquo;entretien, le personnel de nettoyage et les repr\u00e9sentants d\u00e9vou\u00e9s qui accueillent nos clients et r\u00e9pondent \u00e0 tous leurs besoins pendant leur s\u00e9jour.<\/p>\n<p>Nous offrons \u00e9galement un service de support 24h \/ 24 pendant vos vacances.<\/p>\n<p>Nous esp\u00e9rons que vous serez bient\u00f4t nos invit\u00e9s!<\/p>\n<p>Cordialement<\/p>\n<p>Neville &amp; Ruth Galea<\/p>\n<p>www.GetawaysMalta.com<\/p>\n<p><img loading=\"lazy\" decoding=\"async\" class=\"alignnone size-medium wp-image-12301\" src=\"https:\/\/www.getawaysmalta.fr\/wp-content\/uploads\/2018\/02\/Family-galea-to-be-used-on-all-adverts-FB-300x300.jpg\" alt=\"\" width=\"300\" height=\"300\" srcset=\"https:\/\/getawaysmalta.com\/wp-content\/uploads\/2018\/02\/Family-galea-to-be-used-on-all-adverts-FB-300x300.jpg 300w, https:\/\/getawaysmalta.com\/wp-content\/uploads\/2018\/02\/Family-galea-to-be-used-on-all-adverts-FB-150x150.jpg 150w, https:\/\/getawaysmalta.com\/wp-content\/uploads\/2018\/02\/Family-galea-to-be-used-on-all-adverts-FB.jpg 336w\" sizes=\"auto, (max-width: 300px) 100vw, 300px\" \/><\/p>\n<p>Les propri\u00e9taires: Neville et Ruth Galea<\/p>\n<div id=\"gt-src-c\" class=\"g-unit\">\n<div id=\"gt-src-p\">\n<div id=\"gt-src-wrap\" class=\"\">\n<div id=\"gt-src-tools\">\n<div id=\"gt-src-tools-l\">\n<div id=\"gt-src-listen\" class=\"trans-listen-button goog-toolbar-button\" tabindex=\"0\" role=\"button\" data-tooltip=\"Listen\" aria-label=\"Listen\" data-tooltip-align=\"t,c\" aria-pressed=\"false\" aria-hidden=\"false\" aria-disabled=\"false\"><\/div>\n<div id=\"gt-speech\" class=\"speech-button goog-toolbar-button\" tabindex=\"0\" role=\"button\" data-tooltip=\"Turn on speech input\" aria-label=\"Turn on speech input\" data-tooltip-align=\"t,c\" aria-pressed=\"false\"><\/div>\n<div id=\"gt-input-tool\">\n<div id=\"itamenu\"><\/div>\n<\/div>\n<\/div>\n<\/div>\n<\/div>\n<div id=\"src-translit\" class=\"translit\" dir=\"ltr\"><\/div>\n<\/div>\n<\/div>\n<div id=\"gt-res-c\" class=\"g-unit\">\n<div id=\"gt-res-p\">\n<div id=\"gt-res-data\">\n<div id=\"gt-res-wrap\">\n<div id=\"gt-res-content\">\n<div id=\"gt-res-dir-ctr\" class=\"trans-verified-button-small\" dir=\"ltr\"><span id=\"result_box\" class=\"\" lang=\"fr\"><span class=\"\">Retrouvez-nous sur Facebook: <a href=\"https:\/\/www.facebook.com\/getawaysmalta\/\">https:\/\/www.facebook.com\/getawaysmalta\/<\/a> ou <a href=\"https:\/\/www.facebook.com\/neville.galea.1\">https:\/\/www.facebook.com\/neville.galea.1<\/a><\/span><\/span><\/div>\n<\/div>\n<\/div>\n<\/div>\n<\/div>\n<\/div>\n<p>&nbsp;<\/p>\n","protected":false},"excerpt":{"rendered":"<p>Je m&rsquo;appelle Neville Galea et, avec ma femme, Ruth Galea et nos employ\u00e9s, nous organisons nos maisons de vacances avec une grande passion. Mon p\u00e8re Joseph Galea a commenc\u00e9 \u00e0 louer des appartements en 1981 et c&rsquo;est ainsi qu&rsquo;il est devenu une tradition familiale. Nos maisons de vacances sont dans les meilleurs endroits touristiques et ont \u00e9t\u00e9 con\u00e7ues, construites et&#8230;<\/p>\n<div><a href=\"https:\/\/getawaysmalta.com\/fr\/about-us\/\" class=\"read-more\">Read More <i class=\"fa fa-arrow-circle-o-right\"><\/i><\/a><\/div>\n","protected":false},"author":4,"featured_media":0,"parent":0,"menu_order":0,"comment_status":"closed","ping_status":"closed","template":"","meta":{"footnotes":""},"class_list":["post-11297","page","type-page","status-publish","hentry","no-featured"],"yoast_head":"<!-- This site is optimized with the Yoast SEO plugin v26.9 - https:\/\/yoast.com\/product\/yoast-seo-wordpress\/ -->\n<title>\u00c0 propos de nous - Getaways<\/title>\n<meta name=\"description\" content=\"Location vacances - locations saisonni\u00e8res - louer appartement a Malte, 1,2,3 chambres, pr\u00e8s de la mer, arr\u00eat de bus, etc.\" \/>\n<meta name=\"robots\" content=\"index, follow, max-snippet:-1, max-image-preview:large, max-video-preview:-1\" \/>\n<link rel=\"canonical\" href=\"https:\/\/getawaysmalta.com\/fr\/about-us\/\" \/>\n<meta property=\"og:locale\" content=\"fr_FR\" \/>\n<meta property=\"og:type\" content=\"article\" \/>\n<meta property=\"og:title\" content=\"\u00c0 propos de nous - Getaways\" \/>\n<meta property=\"og:description\" content=\"Location vacances - locations saisonni\u00e8res - louer appartement a Malte, 1,2,3 chambres, pr\u00e8s de la mer, arr\u00eat de bus, etc.\" \/>\n<meta property=\"og:url\" content=\"https:\/\/getawaysmalta.com\/fr\/about-us\/\" \/>\n<meta property=\"og:site_name\" content=\"Getaways\" \/>\n<meta property=\"article:modified_time\" content=\"2018-08-20T07:51:10+00:00\" \/>\n<meta property=\"og:image\" content=\"http:\/\/www.getawaysmalta.fr\/wp-content\/uploads\/2018\/02\/Family-galea-to-be-used-on-all-adverts-FB-300x300.jpg\" \/>\n<meta name=\"twitter:card\" content=\"summary_large_image\" \/>\n<meta name=\"twitter:label1\" content=\"Dur\u00e9e de lecture estim\u00e9e\" \/>\n\t<meta name=\"twitter:data1\" content=\"1 minute\" \/>\n<script type=\"application\/ld+json\" class=\"yoast-schema-graph\">{\"@context\":\"https:\/\/schema.org\",\"@graph\":[{\"@type\":\"WebPage\",\"@id\":\"https:\/\/getawaysmalta.com\/fr\/about-us\/\",\"url\":\"https:\/\/getawaysmalta.com\/fr\/about-us\/\",\"name\":\"\u00c0 propos de nous - Getaways\",\"isPartOf\":{\"@id\":\"https:\/\/getawaysmalta.com\/it\/#website\"},\"primaryImageOfPage\":{\"@id\":\"https:\/\/getawaysmalta.com\/fr\/about-us\/#primaryimage\"},\"image\":{\"@id\":\"https:\/\/getawaysmalta.com\/fr\/about-us\/#primaryimage\"},\"thumbnailUrl\":\"http:\/\/www.getawaysmalta.fr\/wp-content\/uploads\/2018\/02\/Family-galea-to-be-used-on-all-adverts-FB-300x300.jpg\",\"datePublished\":\"2017-07-04T10:53:42+00:00\",\"dateModified\":\"2018-08-20T07:51:10+00:00\",\"description\":\"Location vacances - locations saisonni\u00e8res - louer appartement a Malte, 1,2,3 chambres, pr\u00e8s de la mer, arr\u00eat de bus, etc.\",\"breadcrumb\":{\"@id\":\"https:\/\/getawaysmalta.com\/fr\/about-us\/#breadcrumb\"},\"inLanguage\":\"fr-FR\",\"potentialAction\":[{\"@type\":\"ReadAction\",\"target\":[\"https:\/\/getawaysmalta.com\/fr\/about-us\/\"]}]},{\"@type\":\"ImageObject\",\"inLanguage\":\"fr-FR\",\"@id\":\"https:\/\/getawaysmalta.com\/fr\/about-us\/#primaryimage\",\"url\":\"http:\/\/www.getawaysmalta.fr\/wp-content\/uploads\/2018\/02\/Family-galea-to-be-used-on-all-adverts-FB-300x300.jpg\",\"contentUrl\":\"http:\/\/www.getawaysmalta.fr\/wp-content\/uploads\/2018\/02\/Family-galea-to-be-used-on-all-adverts-FB-300x300.jpg\"},{\"@type\":\"BreadcrumbList\",\"@id\":\"https:\/\/getawaysmalta.com\/fr\/about-us\/#breadcrumb\",\"itemListElement\":[{\"@type\":\"ListItem\",\"position\":1,\"name\":\"Home\",\"item\":\"https:\/\/getawaysmalta.com\/fr\/\"},{\"@type\":\"ListItem\",\"position\":2,\"name\":\"\u00c0 propos de nous\"}]},{\"@type\":\"WebSite\",\"@id\":\"https:\/\/getawaysmalta.com\/it\/#website\",\"url\":\"https:\/\/getawaysmalta.com\/it\/\",\"name\":\"Getaways\",\"description\":\"Property For Rent Malta\",\"potentialAction\":[{\"@type\":\"SearchAction\",\"target\":{\"@type\":\"EntryPoint\",\"urlTemplate\":\"https:\/\/getawaysmalta.com\/it\/?s={search_term_string}\"},\"query-input\":{\"@type\":\"PropertyValueSpecification\",\"valueRequired\":true,\"valueName\":\"search_term_string\"}}],\"inLanguage\":\"fr-FR\"}]}<\/script>\n<!-- \/ Yoast SEO plugin. -->","yoast_head_json":{"title":"\u00c0 propos de nous - Getaways","description":"Location vacances - locations saisonni\u00e8res - louer appartement a Malte, 1,2,3 chambres, pr\u00e8s de la mer, arr\u00eat de bus, etc.","robots":{"index":"index","follow":"follow","max-snippet":"max-snippet:-1","max-image-preview":"max-image-preview:large","max-video-preview":"max-video-preview:-1"},"canonical":"https:\/\/getawaysmalta.com\/fr\/about-us\/","og_locale":"fr_FR","og_type":"article","og_title":"\u00c0 propos de nous - Getaways","og_description":"Location vacances - locations saisonni\u00e8res - louer appartement a Malte, 1,2,3 chambres, pr\u00e8s de la mer, arr\u00eat de bus, etc.","og_url":"https:\/\/getawaysmalta.com\/fr\/about-us\/","og_site_name":"Getaways","article_modified_time":"2018-08-20T07:51:10+00:00","og_image":[{"url":"http:\/\/www.getawaysmalta.fr\/wp-content\/uploads\/2018\/02\/Family-galea-to-be-used-on-all-adverts-FB-300x300.jpg","type":"","width":"","height":""}],"twitter_card":"summary_large_image","twitter_misc":{"Dur\u00e9e de lecture estim\u00e9e":"1 minute"},"schema":{"@context":"https:\/\/schema.org","@graph":[{"@type":"WebPage","@id":"https:\/\/getawaysmalta.com\/fr\/about-us\/","url":"https:\/\/getawaysmalta.com\/fr\/about-us\/","name":"\u00c0 propos de nous - Getaways","isPartOf":{"@id":"https:\/\/getawaysmalta.com\/it\/#website"},"primaryImageOfPage":{"@id":"https:\/\/getawaysmalta.com\/fr\/about-us\/#primaryimage"},"image":{"@id":"https:\/\/getawaysmalta.com\/fr\/about-us\/#primaryimage"},"thumbnailUrl":"http:\/\/www.getawaysmalta.fr\/wp-content\/uploads\/2018\/02\/Family-galea-to-be-used-on-all-adverts-FB-300x300.jpg","datePublished":"2017-07-04T10:53:42+00:00","dateModified":"2018-08-20T07:51:10+00:00","description":"Location vacances - locations saisonni\u00e8res - louer appartement a Malte, 1,2,3 chambres, pr\u00e8s de la mer, arr\u00eat de bus, etc.","breadcrumb":{"@id":"https:\/\/getawaysmalta.com\/fr\/about-us\/#breadcrumb"},"inLanguage":"fr-FR","potentialAction":[{"@type":"ReadAction","target":["https:\/\/getawaysmalta.com\/fr\/about-us\/"]}]},{"@type":"ImageObject","inLanguage":"fr-FR","@id":"https:\/\/getawaysmalta.com\/fr\/about-us\/#primaryimage","url":"http:\/\/www.getawaysmalta.fr\/wp-content\/uploads\/2018\/02\/Family-galea-to-be-used-on-all-adverts-FB-300x300.jpg","contentUrl":"http:\/\/www.getawaysmalta.fr\/wp-content\/uploads\/2018\/02\/Family-galea-to-be-used-on-all-adverts-FB-300x300.jpg"},{"@type":"BreadcrumbList","@id":"https:\/\/getawaysmalta.com\/fr\/about-us\/#breadcrumb","itemListElement":[{"@type":"ListItem","position":1,"name":"Home","item":"https:\/\/getawaysmalta.com\/fr\/"},{"@type":"ListItem","position":2,"name":"\u00c0 propos de nous"}]},{"@type":"WebSite","@id":"https:\/\/getawaysmalta.com\/it\/#website","url":"https:\/\/getawaysmalta.com\/it\/","name":"Getaways","description":"Property For Rent Malta","potentialAction":[{"@type":"SearchAction","target":{"@type":"EntryPoint","urlTemplate":"https:\/\/getawaysmalta.com\/it\/?s={search_term_string}"},"query-input":{"@type":"PropertyValueSpecification","valueRequired":true,"valueName":"search_term_string"}}],"inLanguage":"fr-FR"}]}},"_links":{"self":[{"href":"https:\/\/getawaysmalta.com\/fr\/wp-json\/wp\/v2\/pages\/11297","targetHints":{"allow":["GET"]}}],"collection":[{"href":"https:\/\/getawaysmalta.com\/fr\/wp-json\/wp\/v2\/pages"}],"about":[{"href":"https:\/\/getawaysmalta.com\/fr\/wp-json\/wp\/v2\/types\/page"}],"author":[{"embeddable":true,"href":"https:\/\/getawaysmalta.com\/fr\/wp-json\/wp\/v2\/users\/4"}],"replies":[{"embeddable":true,"href":"https:\/\/getawaysmalta.com\/fr\/wp-json\/wp\/v2\/comments?post=11297"}],"version-history":[{"count":5,"href":"https:\/\/getawaysmalta.com\/fr\/wp-json\/wp\/v2\/pages\/11297\/revisions"}],"predecessor-version":[{"id":12329,"href":"https:\/\/getawaysmalta.com\/fr\/wp-json\/wp\/v2\/pages\/11297\/revisions\/12329"}],"wp:attachment":[{"href":"https:\/\/getawaysmalta.com\/fr\/wp-json\/wp\/v2\/media?parent=11297"}],"curies":[{"name":"wp","href":"https:\/\/api.w.org\/{rel}","templated":true}]}}