{"id":23431,"date":"2024-02-01T12:42:02","date_gmt":"2024-02-01T11:42:02","guid":{"rendered":"https:\/\/getawaysmalta.com\/?page_id=23431"},"modified":"2024-02-01T12:42:02","modified_gmt":"2024-02-01T11:42:02","slug":"allgemeine-geschaeftsbedingungen","status":"publish","type":"page","link":"https:\/\/getawaysmalta.com\/de\/allgemeine-geschaeftsbedingungen\/","title":{"rendered":"Allgemeine Gesch\u00e4ftsbedingungen"},"content":{"rendered":"<p><strong>Reservierungsrichtlinien<\/strong><\/p>\n<p>&nbsp;<\/p>\n<p>&nbsp;<\/p>\n<p><strong>Check-in-Richtlinien<\/strong><\/p>\n<p>CHECK-IN-Zeit ab 15:00 Uhr (wir k\u00f6nnen selbst einchecken)<\/p>\n<p>CHECK-OUT-Zeit bis 10:00 Uhr (sp\u00e4ter Check-out nach Verf\u00fcgbarkeit)<\/p>\n<p>G\u00e4ste m\u00fcssen einen Lichtbildausweis vorlegen. Bitte beachten Sie, dass alle Sonderw\u00fcnsche der Verf\u00fcgbarkeit unterliegen und m\u00f6glicherweise zus\u00e4tzliche Geb\u00fchren anfallen.<\/p>\n<p>&nbsp;<\/p>\n<p>&nbsp;<\/p>\n<p><strong>Kinder- und Zustellbetten<\/strong><\/p>\n<p>Alle Kinder sind willkommen. Kinderbett und Hochstuhl sind auf Anfrage kostenlos.<\/p>\n<p>&nbsp;<\/p>\n<p><strong>Haustiere<\/strong><\/p>\n<p>Haustiere sind nicht erlaubt.<\/p>\n<p>&nbsp;<\/p>\n<p><strong>Mindestalter<\/strong><\/p>\n<p>Es gibt ein Mindestalter f\u00fcr die Anmietung. Ohne vorherige schriftliche Genehmigung k\u00f6nnen wir keine Vermietung an Kinder unter 18 Jahren vornehmen, es sei denn, sie werden von einem (1) oder mehreren erwachsenen Erziehungsberechtigten oder Eltern begleitet.<\/p>\n<p>&nbsp;<\/p>\n<p><strong>Keine Partys<\/strong><\/p>\n<p>Wir veranstalten keine Junggesellenabschiede, Junggesellenabschiede oder \u00e4hnliche Partys. Dar\u00fcber hinaus sollten G\u00e4ste darauf achten, soziale und ethische Regeln einzuhalten, keinen st\u00f6renden L\u00e4rm zu verursachen, keine Partys zu veranstalten, keine laute Musik zu h\u00f6ren und keine verbotenen Aktivit\u00e4ten auszu\u00fcben. Von den G\u00e4sten wird erwartet, dass sie jederzeit die Ruhe ihrer Nachbarn respektieren. Von 22:00 bis 07:00 Uhr ist keine laute Musik im Freien oder im Innenbereich gestattet.<\/p>\n<p>&nbsp;<\/p>\n<p>Aus Sicherheitsgr\u00fcnden ist in der Unterkunft stets die gebotene Vorsicht geboten, insbesondere mit Kindern. Kinder sollten niemals unbeaufsichtigt auf dem Gel\u00e4nde gelassen werden.<\/p>\n<p>&nbsp;<\/p>\n<p>&nbsp;<\/p>\n<p>&nbsp;<\/p>\n<p><strong>Bedingungen<\/strong><\/p>\n<p>&nbsp;<\/p>\n<p><strong>Zus\u00e4tzliche Kosten<\/strong><\/p>\n<p>&nbsp;<\/p>\n<p>Bei Ihrer Ankunft verlangen wir eine Kaution f\u00fcr Sch\u00e4den in H\u00f6he von mindestens 150 \u20ac oder 50 \u20ac pro Person, abh\u00e4ngig von der Anzahl der G\u00e4ste. Diese wird nach der Besichtigung der Unterkunft erstattet.<\/p>\n<p>Die Kosten f\u00fcr Strom, Leitungswasser und Reinigung sind im Mietpreis f\u00fcr Kurzzeitbuchungen enthalten. F\u00fcr den monatlichen Zeitraum sind Wasser und Strom nicht inbegriffen.<\/p>\n<p>Es gibt eine nationale Umweltabgabe in H\u00f6he von 0,50 \u20ac pro Person und Tag (bis zu einem H\u00f6chstbetrag von 5,00 \u20ac pro Person und Aufenthalt), die ebenfalls bei der Ankunft zu zahlen ist.<\/p>\n<p>&nbsp;<\/p>\n<p>&nbsp;<\/p>\n<p><strong>Dienstprogramme<\/strong><\/p>\n<p>Bitte beachten Sie, dass im Wochenpreis der Unterkunft die folgenden Nebenkosten enthalten sind:<\/p>\n<p>0,5 Kubikmeter Wasser pro Person und Woche<\/p>\n<p>100 kWh pro 1-Zimmer-Wohnung und Woche;<\/p>\n<p>150 kWh pro 2-Zimmer-Wohnung und Woche;<\/p>\n<p>200 kWh pro 3-Zimmer-Wohnung und Woche.<\/p>\n<p>Diese Verbrauchsangaben f\u00fcr Wasser und Strom sollten f\u00fcr den normalen Verbrauch f\u00fcr eine Woche mehr als ausreichen. Schalten Sie Licht, Klimaanlage und Elektroger\u00e4te aus, wenn Sie diese nicht nutzen, um die im Preis enthaltenen Grenzen einzuhalten.<\/p>\n<p>&nbsp;<\/p>\n<p>Bei \u00dcberschreitung der oben genannten Parameter gelten folgende S\u00e4tze f\u00fcr den Mehrverbrauch:<\/p>\n<p>0,38 \u20ac pro kWh f\u00fcr Strom und 5,60 \u20ac pro Kubikmeter f\u00fcr Wasser.<\/p>\n<p>&nbsp;<\/p>\n<p>Die Wasser- und Stromz\u00e4hler werden zu Beginn und am Ende des Aufenthalts notiert.<\/p>\n<p>&nbsp;<\/p>\n<p>Bez\u00fcglich der monatlichen Rate beachten Sie bitte, dass die Wasser- und Stromrechnungen nicht im Preis enthalten sind. Der Gast zahlt nur das, was er verbraucht. Der \u00fcbliche Kostenvoranschlag liegt bei 60\/80 Euro pro Monat (ohne Nutzung der Klimaanlage).<\/p>\n<p>&nbsp;<\/p>\n<p>&nbsp;<\/p>\n<p><strong>M\u00fcll<\/strong><\/p>\n<p>Der gesamte M\u00fcll\/M\u00fcll\/Recycling wird vollst\u00e4ndig aus der Wohnung gebracht und gem\u00e4\u00df den Anweisungen ordnungsgem\u00e4\u00df entsorgt.<\/p>\n<p>&nbsp;<\/p>\n<p>&nbsp;<\/p>\n<p><strong>Sch\u00e4den oder Verluste<\/strong><\/p>\n<p>Bitte behandeln Sie die gemietete Immobilie entsprechend und hinterlassen Sie die Immobilie und ihren gesamten Inhalt in gutem Zustand und in einem einigerma\u00dfen sauberen Zustand. Jegliche Sch\u00e4den oder Verluste, die w\u00e4hrend der Mietzeit entstehen, sowie etwaige besondere Reinigungsanforderungen liegen in der Verantwortung des Gastes und k\u00f6nnen dem Konto des Gastes belastet und von der Kaution des Gastes abgezogen werden. Im Falle \u00fcberm\u00e4\u00dfiger oder unzumutbarer Verluste oder Sch\u00e4den zu irgendeinem Zeitpunkt w\u00e4hrend der Mietdauer kann der Eigent\u00fcmer oder der Vertreter des Eigent\u00fcmers vom Gast und seiner Gruppe, einschlie\u00dflich Besuchern, verlangen, die Unterkunft unverz\u00fcglich und ohne Entsch\u00e4digung oder R\u00fcckerstattung zu r\u00e4umen.<\/p>\n<p>&nbsp;<\/p>\n<p><strong>Zugang<\/strong><\/p>\n<p>Das Anwesen und seine Einrichtungen stehen dem Gast w\u00e4hrend der Mietzeit zur vollen Nutzung zur Verf\u00fcgung. Allerdings ben\u00f6tigt der Eigent\u00fcmer bzw. der Vertreter des Eigent\u00fcmers m\u00f6glicherweise Zugang zur Immobilie. Sofern es sich nicht um einen Notfall wie z. B. einen Brand handelt, wird der Eigent\u00fcmer vor dem Betreten immer um Erlaubnis bitten.<\/p>\n<p>&nbsp;<\/p>\n<p><strong>Anzahl der G\u00e4ste<\/strong><\/p>\n<p>Die Anzahl der in der Unterkunft \u00fcbernachtenden Personen (Erwachsene und Kinder) darf die in der Buchungsbest\u00e4tigung angegebene maximale Anzahl an Schlafpl\u00e4tzen nicht \u00fcberschreiten, es sei denn, dies wurde ausdr\u00fccklich schriftlich genehmigt. Eine \u00dcberschreitung dieser Zahl kann zum Erl\u00f6schen jeglicher Versicherungspolice f\u00fcr die Immobilie f\u00fchren. Der Zutritt oder Zugang zum Anwesen kann verweigert oder eingeschr\u00e4nkt werden, wenn die Anzahl der G\u00e4ste die angegebene Anforderung \u00fcbersteigt.<\/p>\n<p>&nbsp;<\/p>\n<p><strong>Nutzung von Eigentum<\/strong><\/p>\n<p>Bei allen Buchungen wird davon ausgegangen, dass sie ausschlie\u00dflich normalen Urlaubszwecken dienen, und der Gast erkl\u00e4rt sich damit einverstanden, dass die Nutzung der Unterkunft ausschlie\u00dflich auf diesen Zweck beschr\u00e4nkt ist.\u200b<\/p>\n<p>&nbsp;<\/p>\n<p><strong>Untervermietung<\/strong><\/p>\n<p>Eine Untervermietung ist nicht gestattet<\/p>\n<p>&nbsp;<\/p>\n<p><strong>Verhalten und Sorgfalt<\/strong><\/p>\n<p>Der Gast wird gebeten, dies zu respektieren und sicherzustellen, dass sich alle G\u00e4ste und Besucher der Unterkunft angemessen verhalten. Illegale oder unmoralische Aktivit\u00e4ten, einschlie\u00dflich Gl\u00fccksspiel, Prostitution, verbotene Drogen, Besitz oder Gebrauch von Pyrotechnik oder gef\u00e4hrlichen G\u00fctern sowie Besitz oder Gebrauch von Schusswaffen und anderen Waffen, sind strengstens verboten.<\/p>\n<p>&nbsp;<\/p>\n<p>Das Rauchen ist strengstens verboten. Sollte es in der Wohnung zu Rauchgeruch kommen, muss der Vermieter eine Kaution in H\u00f6he von mindestens 1.500,00 \u20ac einbehalten, bis die Miete festgestellt wird f Reinigungskosten und etwaige Kosten aufgrund von Entsch\u00e4digungen\/Umz\u00fcgen neuer G\u00e4ste.<\/p>\n<p>&nbsp;<\/p>\n<p><strong>Wertsachen und Sicherheit<\/strong><\/p>\n<p>S\u00e4mtliche Wertgegenst\u00e4nde oder Gegenst\u00e4nde des Gastes, die in der Unterkunft zur\u00fcckgelassen oder genutzt werden, erfolgen auf eigenes Risiko des Gastes. Weder der Eigent\u00fcmer noch der Vertreter des Eigent\u00fcmers \u00fcbernehmen Verantwortung f\u00fcr den Verlust oder die Besch\u00e4digung von Eigentum des Gastes. Der Gast ist w\u00e4hrend der Mietzeit f\u00fcr die Immobilie verantwortlich und muss sicherstellen, dass alle Fenster und T\u00fcren sicher verschlossen sind, wenn er sich nicht auf dem Gel\u00e4nde befindet. Jegliche Handlung oder Unterlassung des Gastes, seiner Gruppe und\/oder Besucher, die die Versicherungspolice der Unterkunft au\u00dfer Kraft setzen oder beeintr\u00e4chtigen und\/oder zu Verlusten oder Sch\u00e4den f\u00fchren kann, liegt in der Verantwortung des Gastes.<\/p>\n<p>&nbsp;<\/p>\n<p><strong>Beschwerden<\/strong><\/p>\n<p>Es wird alles unternommen, um dem Gast einen angenehmen Aufenthalt zu erm\u00f6glichen. Sollte der Gast w\u00e4hrend der Mietzeit ein Problem haben, informieren Sie bitte umgehend den Eigent\u00fcmer oder dessen Vertreter, der sich bem\u00fchen wird, Abhilfe zu schaffen. Damit die Beschwerde des Gastes bearbeitet werden kann, muss der Gast etwaige Probleme vor Ort mitteilen. Wenn w\u00e4hrend des Mietzeitraums keine Beschwerde eingereicht wird, geht der Eigent\u00fcmer davon aus, dass die Unterkunft zur Zufriedenheit des Gastes war, und es wird keine Beschwerde ber\u00fccksichtigt.<\/p>\n<p>&nbsp;<\/p>\n<p><strong>Bestimmungen<\/strong><\/p>\n<p>Selbstversorgerunterk\u00fcnfte erfordern, dass der Gast alle f\u00fcr den t\u00e4glichen Lebensunterhalt notwendigen Vorr\u00e4te und Verbrauchsmaterialien bereitstellt. Das Personal der Unterkunft kann im Namen des Gastes allen angemessenen Anfragen zum Kauf von Proviant nachkommen und die Kosten werden dem Konto des Gastes in Rechnung gestellt. \u200b<\/p>\n<p>&nbsp;<\/p>\n<p><strong>H\u00f6here Gewalt<\/strong><\/p>\n<p>Der Eigent\u00fcmer oder die Vertreter der Eigent\u00fcmer haften nicht f\u00fcr R\u00fcckerstattungen oder Entsch\u00e4digungen jeglicher Art gegen\u00fcber dem\/den G\u00e4sten, wenn die Buchung der Unterkunft aus Gr\u00fcnden, die au\u00dferhalb der Kontrolle des Eigent\u00fcmers oder der Vertreter der Eigent\u00fcmer liegen, ohne Einschr\u00e4nkung nicht m\u00f6glich ist m\u00f6gliche Br\u00e4nde, extreme Klimabedingungen, Arbeitskonflikte oder andere Ereignisse h\u00f6herer Gewalt. \u200b<\/p>\n<p>&nbsp;<\/p>\n<p><strong>Schutz personenbezogener Daten<\/strong><\/p>\n<p>Diese Vereinbarung unterliegt den maltesischen Datenschutzgesetzen und -vorschriften sowie der Datenschutz-Grundverordnung (DSGVO). Sie erm\u00e4chtigen den Eigent\u00fcmer au\u00dferdem ausdr\u00fccklich, Ihre personenbezogenen Daten den jeweiligen nationalen Datenschutzbeh\u00f6rden zum Zwecke der Einhaltung der geltenden Gesetze und Vorschriften zur Verf\u00fcgung zu stellen. \u200b<\/p>\n<p>&nbsp;<\/p>\n<p><strong>Zust\u00e4ndigkeit<\/strong><\/p>\n<p>Diese Vereinbarung unterliegt den Gesetzen Maltas und dem maltesischen Gerichtssystem. Im Falle von Meinungsverschiedenheiten im Zusammenhang mit der Buchung und der Vermietung der Immobilie, die zwischen den Parteien nicht g\u00fctlich gel\u00f6st werden k\u00f6nnen, vereinbaren beide Parteien, die Angelegenheit ausschlie\u00dflich den maltesischen Gerichten vorzulegen. \u200b<\/p>\n<p>&nbsp;<\/p>\n<p>Der Gast erkl\u00e4rt sich damit einverstanden, dass diese Allgemeinen Gesch\u00e4ftsbedingungen gelesen, verstanden und vom Gast vorbehaltlos und ohne Ausnahme akzeptiert und akzeptiert wurden.<\/p>\n","protected":false},"excerpt":{"rendered":"<p>Reservierungsrichtlinien   Check-in-Richtlinien CHECK-IN-Zeit ab 15:00 Uhr (wir k\u00f6nnen selbst einchecken) CHECK-OUT-Zeit bis 10:00 Uhr (sp\u00e4ter Check-out nach Verf\u00fcgbarkeit) G\u00e4ste m\u00fcssen einen Lichtbildausweis vorlegen. Bitte beachten Sie, dass alle Sonderw\u00fcnsche der Verf\u00fcgbarkeit unterliegen und m\u00f6glicherweise zus\u00e4tzliche Geb\u00fchren anfallen.   Kinder- und Zustellbetten Alle Kinder sind willkommen. Kinderbett und Hochstuhl sind auf Anfrage kostenlos.  Haustiere Haustiere sind nicht&#8230;<\/p>\n<div><a href=\"https:\/\/getawaysmalta.com\/de\/allgemeine-geschaeftsbedingungen\/\" class=\"read-more\">Read More <i class=\"fa fa-arrow-circle-o-right\"><\/i><\/a><\/div>\n","protected":false},"author":3,"featured_media":0,"parent":0,"menu_order":0,"comment_status":"closed","ping_status":"closed","template":"","meta":{"footnotes":""},"class_list":["post-23431","page","type-page","status-publish","hentry","no-featured"],"yoast_head":"<!-- This site is optimized with the Yoast SEO plugin v26.9 - https:\/\/yoast.com\/product\/yoast-seo-wordpress\/ -->\n<title>Allgemeine Gesch\u00e4ftsbedingungen - Getaways<\/title>\n<meta name=\"robots\" content=\"index, follow, max-snippet:-1, max-image-preview:large, max-video-preview:-1\" \/>\n<link rel=\"canonical\" href=\"https:\/\/getawaysmalta.com\/de\/allgemeine-geschaeftsbedingungen\/\" \/>\n<meta property=\"og:locale\" content=\"de_DE\" \/>\n<meta property=\"og:type\" content=\"article\" \/>\n<meta property=\"og:title\" content=\"Allgemeine Gesch\u00e4ftsbedingungen - Getaways\" \/>\n<meta property=\"og:description\" content=\"Reservierungsrichtlinien &nbsp; &nbsp; Check-in-Richtlinien CHECK-IN-Zeit ab 15:00 Uhr (wir k\u00f6nnen selbst einchecken) CHECK-OUT-Zeit bis 10:00 Uhr (sp\u00e4ter Check-out nach Verf\u00fcgbarkeit) G\u00e4ste m\u00fcssen einen Lichtbildausweis vorlegen. Bitte beachten Sie, dass alle Sonderw\u00fcnsche der Verf\u00fcgbarkeit unterliegen und m\u00f6glicherweise zus\u00e4tzliche Geb\u00fchren anfallen. &nbsp; &nbsp; Kinder- und Zustellbetten Alle Kinder sind willkommen. Kinderbett und Hochstuhl sind auf Anfrage kostenlos. &nbsp; Haustiere Haustiere sind nicht...Read More\" \/>\n<meta property=\"og:url\" content=\"https:\/\/getawaysmalta.com\/de\/allgemeine-geschaeftsbedingungen\/\" \/>\n<meta property=\"og:site_name\" content=\"Getaways\" \/>\n<meta name=\"twitter:card\" content=\"summary_large_image\" \/>\n<meta name=\"twitter:label1\" content=\"Gesch\u00e4tzte Lesezeit\" \/>\n\t<meta name=\"twitter:data1\" content=\"6\u00a0Minuten\" \/>\n<script type=\"application\/ld+json\" class=\"yoast-schema-graph\">{\"@context\":\"https:\/\/schema.org\",\"@graph\":[{\"@type\":\"WebPage\",\"@id\":\"https:\/\/getawaysmalta.com\/de\/allgemeine-geschaeftsbedingungen\/\",\"url\":\"https:\/\/getawaysmalta.com\/de\/allgemeine-geschaeftsbedingungen\/\",\"name\":\"Allgemeine Gesch\u00e4ftsbedingungen - Getaways\",\"isPartOf\":{\"@id\":\"https:\/\/getawaysmalta.com\/it\/#website\"},\"datePublished\":\"2024-02-01T11:42:02+00:00\",\"breadcrumb\":{\"@id\":\"https:\/\/getawaysmalta.com\/de\/allgemeine-geschaeftsbedingungen\/#breadcrumb\"},\"inLanguage\":\"de\",\"potentialAction\":[{\"@type\":\"ReadAction\",\"target\":[\"https:\/\/getawaysmalta.com\/de\/allgemeine-geschaeftsbedingungen\/\"]}]},{\"@type\":\"BreadcrumbList\",\"@id\":\"https:\/\/getawaysmalta.com\/de\/allgemeine-geschaeftsbedingungen\/#breadcrumb\",\"itemListElement\":[{\"@type\":\"ListItem\",\"position\":1,\"name\":\"Home\",\"item\":\"https:\/\/getawaysmalta.com\/de\/\"},{\"@type\":\"ListItem\",\"position\":2,\"name\":\"Allgemeine Gesch\u00e4ftsbedingungen\"}]},{\"@type\":\"WebSite\",\"@id\":\"https:\/\/getawaysmalta.com\/it\/#website\",\"url\":\"https:\/\/getawaysmalta.com\/it\/\",\"name\":\"Getaways\",\"description\":\"Property For Rent Malta\",\"potentialAction\":[{\"@type\":\"SearchAction\",\"target\":{\"@type\":\"EntryPoint\",\"urlTemplate\":\"https:\/\/getawaysmalta.com\/it\/?s={search_term_string}\"},\"query-input\":{\"@type\":\"PropertyValueSpecification\",\"valueRequired\":true,\"valueName\":\"search_term_string\"}}],\"inLanguage\":\"de\"}]}<\/script>\n<!-- \/ Yoast SEO plugin. -->","yoast_head_json":{"title":"Allgemeine Gesch\u00e4ftsbedingungen - Getaways","robots":{"index":"index","follow":"follow","max-snippet":"max-snippet:-1","max-image-preview":"max-image-preview:large","max-video-preview":"max-video-preview:-1"},"canonical":"https:\/\/getawaysmalta.com\/de\/allgemeine-geschaeftsbedingungen\/","og_locale":"de_DE","og_type":"article","og_title":"Allgemeine Gesch\u00e4ftsbedingungen - Getaways","og_description":"Reservierungsrichtlinien &nbsp; &nbsp; Check-in-Richtlinien CHECK-IN-Zeit ab 15:00 Uhr (wir k\u00f6nnen selbst einchecken) CHECK-OUT-Zeit bis 10:00 Uhr (sp\u00e4ter Check-out nach Verf\u00fcgbarkeit) G\u00e4ste m\u00fcssen einen Lichtbildausweis vorlegen. Bitte beachten Sie, dass alle Sonderw\u00fcnsche der Verf\u00fcgbarkeit unterliegen und m\u00f6glicherweise zus\u00e4tzliche Geb\u00fchren anfallen. &nbsp; &nbsp; Kinder- und Zustellbetten Alle Kinder sind willkommen. Kinderbett und Hochstuhl sind auf Anfrage kostenlos. &nbsp; Haustiere Haustiere sind nicht...Read More","og_url":"https:\/\/getawaysmalta.com\/de\/allgemeine-geschaeftsbedingungen\/","og_site_name":"Getaways","twitter_card":"summary_large_image","twitter_misc":{"Gesch\u00e4tzte Lesezeit":"6\u00a0Minuten"},"schema":{"@context":"https:\/\/schema.org","@graph":[{"@type":"WebPage","@id":"https:\/\/getawaysmalta.com\/de\/allgemeine-geschaeftsbedingungen\/","url":"https:\/\/getawaysmalta.com\/de\/allgemeine-geschaeftsbedingungen\/","name":"Allgemeine Gesch\u00e4ftsbedingungen - Getaways","isPartOf":{"@id":"https:\/\/getawaysmalta.com\/it\/#website"},"datePublished":"2024-02-01T11:42:02+00:00","breadcrumb":{"@id":"https:\/\/getawaysmalta.com\/de\/allgemeine-geschaeftsbedingungen\/#breadcrumb"},"inLanguage":"de","potentialAction":[{"@type":"ReadAction","target":["https:\/\/getawaysmalta.com\/de\/allgemeine-geschaeftsbedingungen\/"]}]},{"@type":"BreadcrumbList","@id":"https:\/\/getawaysmalta.com\/de\/allgemeine-geschaeftsbedingungen\/#breadcrumb","itemListElement":[{"@type":"ListItem","position":1,"name":"Home","item":"https:\/\/getawaysmalta.com\/de\/"},{"@type":"ListItem","position":2,"name":"Allgemeine Gesch\u00e4ftsbedingungen"}]},{"@type":"WebSite","@id":"https:\/\/getawaysmalta.com\/it\/#website","url":"https:\/\/getawaysmalta.com\/it\/","name":"Getaways","description":"Property For Rent Malta","potentialAction":[{"@type":"SearchAction","target":{"@type":"EntryPoint","urlTemplate":"https:\/\/getawaysmalta.com\/it\/?s={search_term_string}"},"query-input":{"@type":"PropertyValueSpecification","valueRequired":true,"valueName":"search_term_string"}}],"inLanguage":"de"}]}},"_links":{"self":[{"href":"https:\/\/getawaysmalta.com\/de\/wp-json\/wp\/v2\/pages\/23431","targetHints":{"allow":["GET"]}}],"collection":[{"href":"https:\/\/getawaysmalta.com\/de\/wp-json\/wp\/v2\/pages"}],"about":[{"href":"https:\/\/getawaysmalta.com\/de\/wp-json\/wp\/v2\/types\/page"}],"author":[{"embeddable":true,"href":"https:\/\/getawaysmalta.com\/de\/wp-json\/wp\/v2\/users\/3"}],"replies":[{"embeddable":true,"href":"https:\/\/getawaysmalta.com\/de\/wp-json\/wp\/v2\/comments?post=23431"}],"version-history":[{"count":1,"href":"https:\/\/getawaysmalta.com\/de\/wp-json\/wp\/v2\/pages\/23431\/revisions"}],"predecessor-version":[{"id":23432,"href":"https:\/\/getawaysmalta.com\/de\/wp-json\/wp\/v2\/pages\/23431\/revisions\/23432"}],"wp:attachment":[{"href":"https:\/\/getawaysmalta.com\/de\/wp-json\/wp\/v2\/media?parent=23431"}],"curies":[{"name":"wp","href":"https:\/\/api.w.org\/{rel}","templated":true}]}}