{"id":11299,"date":"2017-07-04T13:01:57","date_gmt":"2017-07-04T11:01:57","guid":{"rendered":"https:\/\/getawaysmalta.com\/?page_id=11299\/"},"modified":"2018-08-20T09:52:29","modified_gmt":"2018-08-20T07:52:29","slug":"about-us","status":"publish","type":"page","link":"https:\/\/getawaysmalta.com\/de\/about-us\/","title":{"rendered":"\u00dcber uns"},"content":{"rendered":"<div class=\"wpb-content-wrapper\"><p>[vc_row][vc_column][vc_column_text]Mein Name ist Neville Galea und zusammen mit meiner Frau, Ruth Galea und unseren Angestellten f\u00fchren wir unsere Ferienh\u00e4user mit gro\u00dfer Leidenschaft.<\/p>\n<p>Mein Vater Joseph Galea begann 1981 mit der Anmietung von Wohnungen und so ist es eine Familientradition geworden.<\/p>\n<p>Unsere Ferienh\u00e4user befinden sich in den besten touristischen Orten und wurden zu diesem Zweck entworfen, gebaut und eingerichtet.<\/p>\n<p>Wir tun unser Bestes, um qualitativ hochwertige Unterkunft zu den besten Preisen anzubieten.<\/p>\n<p>Im Gegensatz zu kleinen Ferienbesitzern stehen wir immer zur Verf\u00fcgung, haben unser Wartungspersonal, Reinigungspersonal und engagierte Vertreter, die unsere G\u00e4ste willkommen hei\u00dfen und alle ihre Bed\u00fcrfnisse w\u00e4hrend ihres Aufenthalts sehen. Wir bieten auch einen 24\/7 Support Service w\u00e4hrend Ihres Urlaubs.<\/p>\n<p>Wir hoffen, dass Sie bald unsere G\u00e4ste sind!<\/p>\n<p>Gr\u00fc\u00dfe von Sunny Malta!!<\/p>\n<p>Neville &amp; Ruth Galea<\/p>\n<p>www.GetawaysMalta.com<\/p>\n<p><img loading=\"lazy\" decoding=\"async\" class=\"alignnone size-medium wp-image-12302\" src=\"https:\/\/www.getawaysmalta.de\/wp-content\/uploads\/2018\/02\/Family-galea-to-be-used-on-all-adverts-FB-300x300.jpg\" alt=\"\" width=\"300\" height=\"300\" srcset=\"https:\/\/getawaysmalta.com\/wp-content\/uploads\/2018\/02\/Family-galea-to-be-used-on-all-adverts-FB-300x300.jpg 300w, https:\/\/getawaysmalta.com\/wp-content\/uploads\/2018\/02\/Family-galea-to-be-used-on-all-adverts-FB-150x150.jpg 150w, https:\/\/getawaysmalta.com\/wp-content\/uploads\/2018\/02\/Family-galea-to-be-used-on-all-adverts-FB.jpg 336w\" sizes=\"auto, (max-width: 300px) 100vw, 300px\" \/><\/p>\n<p>Besitzer Neville &amp; Ruth Galea<\/p>\n<p>Finde uns auf Facebook:\u00a0 <a href=\"https:\/\/www.facebook.com\/getawaysmalta\/\">https:\/\/www.facebook.com\/getawaysmalta\/\u00a0<\/a> oder\u00a0<a href=\"https:\/\/www.facebook.com\/neville.galea.1\">https:\/\/www.facebook.com\/neville.galea.1<\/a>[\/vc_column_text][\/vc_column][\/vc_row]<\/p>\n<\/div>","protected":false},"excerpt":{"rendered":"<p>[vc_row][vc_column][vc_column_text]Mein Name ist Neville Galea und zusammen mit meiner Frau, Ruth Galea und unseren Angestellten f\u00fchren wir unsere Ferienh\u00e4user mit gro\u00dfer Leidenschaft. Mein Vater Joseph Galea begann 1981 mit der Anmietung von Wohnungen und so ist es eine Familientradition geworden. Unsere Ferienh\u00e4user befinden sich in den besten touristischen Orten und wurden zu diesem Zweck entworfen, gebaut und eingerichtet. Wir tun&#8230;<\/p>\n<div><a href=\"https:\/\/getawaysmalta.com\/de\/about-us\/\" class=\"read-more\">Read More <i class=\"fa fa-arrow-circle-o-right\"><\/i><\/a><\/div>\n","protected":false},"author":4,"featured_media":0,"parent":0,"menu_order":0,"comment_status":"closed","ping_status":"closed","template":"","meta":{"footnotes":""},"class_list":["post-11299","page","type-page","status-publish","hentry","no-featured"],"yoast_head":"<!-- This site is optimized with the Yoast SEO plugin v27.4 - https:\/\/yoast.com\/product\/yoast-seo-wordpress\/ -->\n<title>\u00dcber uns - Getaways<\/title>\n<meta name=\"description\" content=\"Ferienwohnungen &amp; Ferienh\u00e4user Malta Direkt vom Eigent\u00fcmer 1,2 &amp; 3 Schlafzimmer Wohnungen in den besten Lagen, in der N\u00e4he der Str\u00e4nde, Gesch\u00e4fte, etc.\" \/>\n<meta name=\"robots\" content=\"index, follow, max-snippet:-1, max-image-preview:large, max-video-preview:-1\" \/>\n<link rel=\"canonical\" href=\"https:\/\/getawaysmalta.com\/de\/about-us\/\" \/>\n<meta property=\"og:locale\" content=\"de_DE\" \/>\n<meta property=\"og:type\" content=\"article\" \/>\n<meta property=\"og:title\" content=\"\u00dcber uns - Getaways\" \/>\n<meta property=\"og:description\" content=\"Ferienwohnungen &amp; Ferienh\u00e4user Malta Direkt vom Eigent\u00fcmer 1,2 &amp; 3 Schlafzimmer Wohnungen in den besten Lagen, in der N\u00e4he der Str\u00e4nde, Gesch\u00e4fte, etc.\" \/>\n<meta property=\"og:url\" content=\"https:\/\/getawaysmalta.com\/de\/about-us\/\" \/>\n<meta property=\"og:site_name\" content=\"Getaways\" \/>\n<meta property=\"article:modified_time\" content=\"2018-08-20T07:52:29+00:00\" \/>\n<meta property=\"og:image\" content=\"http:\/\/www.getawaysmalta.de\/wp-content\/uploads\/2018\/02\/Family-galea-to-be-used-on-all-adverts-FB-300x300.jpg\" \/>\n<meta name=\"twitter:card\" content=\"summary_large_image\" \/>\n<meta name=\"twitter:label1\" content=\"Gesch\u00e4tzte Lesezeit\" \/>\n\t<meta name=\"twitter:data1\" content=\"1\u00a0Minute\" \/>\n<script type=\"application\/ld+json\" class=\"yoast-schema-graph\">{\"@context\":\"https:\\\/\\\/schema.org\",\"@graph\":[{\"@type\":\"WebPage\",\"@id\":\"https:\\\/\\\/getawaysmalta.com\\\/de\\\/about-us\\\/\",\"url\":\"https:\\\/\\\/getawaysmalta.com\\\/de\\\/about-us\\\/\",\"name\":\"\u00dcber uns - Getaways\",\"isPartOf\":{\"@id\":\"https:\\\/\\\/getawaysmalta.com\\\/it\\\/#website\"},\"primaryImageOfPage\":{\"@id\":\"https:\\\/\\\/getawaysmalta.com\\\/de\\\/about-us\\\/#primaryimage\"},\"image\":{\"@id\":\"https:\\\/\\\/getawaysmalta.com\\\/de\\\/about-us\\\/#primaryimage\"},\"thumbnailUrl\":\"http:\\\/\\\/www.getawaysmalta.de\\\/wp-content\\\/uploads\\\/2018\\\/02\\\/Family-galea-to-be-used-on-all-adverts-FB-300x300.jpg\",\"datePublished\":\"2017-07-04T11:01:57+00:00\",\"dateModified\":\"2018-08-20T07:52:29+00:00\",\"description\":\"Ferienwohnungen & Ferienh\u00e4user Malta Direkt vom Eigent\u00fcmer 1,2 & 3 Schlafzimmer Wohnungen in den besten Lagen, in der N\u00e4he der Str\u00e4nde, Gesch\u00e4fte, etc.\",\"breadcrumb\":{\"@id\":\"https:\\\/\\\/getawaysmalta.com\\\/de\\\/about-us\\\/#breadcrumb\"},\"inLanguage\":\"de\",\"potentialAction\":[{\"@type\":\"ReadAction\",\"target\":[\"https:\\\/\\\/getawaysmalta.com\\\/de\\\/about-us\\\/\"]}]},{\"@type\":\"ImageObject\",\"inLanguage\":\"de\",\"@id\":\"https:\\\/\\\/getawaysmalta.com\\\/de\\\/about-us\\\/#primaryimage\",\"url\":\"http:\\\/\\\/www.getawaysmalta.de\\\/wp-content\\\/uploads\\\/2018\\\/02\\\/Family-galea-to-be-used-on-all-adverts-FB-300x300.jpg\",\"contentUrl\":\"http:\\\/\\\/www.getawaysmalta.de\\\/wp-content\\\/uploads\\\/2018\\\/02\\\/Family-galea-to-be-used-on-all-adverts-FB-300x300.jpg\"},{\"@type\":\"BreadcrumbList\",\"@id\":\"https:\\\/\\\/getawaysmalta.com\\\/de\\\/about-us\\\/#breadcrumb\",\"itemListElement\":[{\"@type\":\"ListItem\",\"position\":1,\"name\":\"Home\",\"item\":\"https:\\\/\\\/getawaysmalta.com\\\/de\\\/\"},{\"@type\":\"ListItem\",\"position\":2,\"name\":\"\u00dcber uns\"}]},{\"@type\":\"WebSite\",\"@id\":\"https:\\\/\\\/getawaysmalta.com\\\/it\\\/#website\",\"url\":\"https:\\\/\\\/getawaysmalta.com\\\/it\\\/\",\"name\":\"Getaways\",\"description\":\"Property For Rent Malta\",\"potentialAction\":[{\"@type\":\"SearchAction\",\"target\":{\"@type\":\"EntryPoint\",\"urlTemplate\":\"https:\\\/\\\/getawaysmalta.com\\\/it\\\/?s={search_term_string}\"},\"query-input\":{\"@type\":\"PropertyValueSpecification\",\"valueRequired\":true,\"valueName\":\"search_term_string\"}}],\"inLanguage\":\"de\"}]}<\/script>\n<!-- \/ Yoast SEO plugin. -->","yoast_head_json":{"title":"\u00dcber uns - Getaways","description":"Ferienwohnungen & Ferienh\u00e4user Malta Direkt vom Eigent\u00fcmer 1,2 & 3 Schlafzimmer Wohnungen in den besten Lagen, in der N\u00e4he der Str\u00e4nde, Gesch\u00e4fte, etc.","robots":{"index":"index","follow":"follow","max-snippet":"max-snippet:-1","max-image-preview":"max-image-preview:large","max-video-preview":"max-video-preview:-1"},"canonical":"https:\/\/getawaysmalta.com\/de\/about-us\/","og_locale":"de_DE","og_type":"article","og_title":"\u00dcber uns - Getaways","og_description":"Ferienwohnungen & Ferienh\u00e4user Malta Direkt vom Eigent\u00fcmer 1,2 & 3 Schlafzimmer Wohnungen in den besten Lagen, in der N\u00e4he der Str\u00e4nde, Gesch\u00e4fte, etc.","og_url":"https:\/\/getawaysmalta.com\/de\/about-us\/","og_site_name":"Getaways","article_modified_time":"2018-08-20T07:52:29+00:00","og_image":[{"url":"http:\/\/www.getawaysmalta.de\/wp-content\/uploads\/2018\/02\/Family-galea-to-be-used-on-all-adverts-FB-300x300.jpg","type":"","width":"","height":""}],"twitter_card":"summary_large_image","twitter_misc":{"Gesch\u00e4tzte Lesezeit":"1\u00a0Minute"},"schema":{"@context":"https:\/\/schema.org","@graph":[{"@type":"WebPage","@id":"https:\/\/getawaysmalta.com\/de\/about-us\/","url":"https:\/\/getawaysmalta.com\/de\/about-us\/","name":"\u00dcber uns - Getaways","isPartOf":{"@id":"https:\/\/getawaysmalta.com\/it\/#website"},"primaryImageOfPage":{"@id":"https:\/\/getawaysmalta.com\/de\/about-us\/#primaryimage"},"image":{"@id":"https:\/\/getawaysmalta.com\/de\/about-us\/#primaryimage"},"thumbnailUrl":"http:\/\/www.getawaysmalta.de\/wp-content\/uploads\/2018\/02\/Family-galea-to-be-used-on-all-adverts-FB-300x300.jpg","datePublished":"2017-07-04T11:01:57+00:00","dateModified":"2018-08-20T07:52:29+00:00","description":"Ferienwohnungen & Ferienh\u00e4user Malta Direkt vom Eigent\u00fcmer 1,2 & 3 Schlafzimmer Wohnungen in den besten Lagen, in der N\u00e4he der Str\u00e4nde, Gesch\u00e4fte, etc.","breadcrumb":{"@id":"https:\/\/getawaysmalta.com\/de\/about-us\/#breadcrumb"},"inLanguage":"de","potentialAction":[{"@type":"ReadAction","target":["https:\/\/getawaysmalta.com\/de\/about-us\/"]}]},{"@type":"ImageObject","inLanguage":"de","@id":"https:\/\/getawaysmalta.com\/de\/about-us\/#primaryimage","url":"http:\/\/www.getawaysmalta.de\/wp-content\/uploads\/2018\/02\/Family-galea-to-be-used-on-all-adverts-FB-300x300.jpg","contentUrl":"http:\/\/www.getawaysmalta.de\/wp-content\/uploads\/2018\/02\/Family-galea-to-be-used-on-all-adverts-FB-300x300.jpg"},{"@type":"BreadcrumbList","@id":"https:\/\/getawaysmalta.com\/de\/about-us\/#breadcrumb","itemListElement":[{"@type":"ListItem","position":1,"name":"Home","item":"https:\/\/getawaysmalta.com\/de\/"},{"@type":"ListItem","position":2,"name":"\u00dcber uns"}]},{"@type":"WebSite","@id":"https:\/\/getawaysmalta.com\/it\/#website","url":"https:\/\/getawaysmalta.com\/it\/","name":"Getaways","description":"Property For Rent Malta","potentialAction":[{"@type":"SearchAction","target":{"@type":"EntryPoint","urlTemplate":"https:\/\/getawaysmalta.com\/it\/?s={search_term_string}"},"query-input":{"@type":"PropertyValueSpecification","valueRequired":true,"valueName":"search_term_string"}}],"inLanguage":"de"}]}},"_links":{"self":[{"href":"https:\/\/getawaysmalta.com\/de\/wp-json\/wp\/v2\/pages\/11299","targetHints":{"allow":["GET"]}}],"collection":[{"href":"https:\/\/getawaysmalta.com\/de\/wp-json\/wp\/v2\/pages"}],"about":[{"href":"https:\/\/getawaysmalta.com\/de\/wp-json\/wp\/v2\/types\/page"}],"author":[{"embeddable":true,"href":"https:\/\/getawaysmalta.com\/de\/wp-json\/wp\/v2\/users\/4"}],"replies":[{"embeddable":true,"href":"https:\/\/getawaysmalta.com\/de\/wp-json\/wp\/v2\/comments?post=11299"}],"version-history":[{"count":5,"href":"https:\/\/getawaysmalta.com\/de\/wp-json\/wp\/v2\/pages\/11299\/revisions"}],"predecessor-version":[{"id":12331,"href":"https:\/\/getawaysmalta.com\/de\/wp-json\/wp\/v2\/pages\/11299\/revisions\/12331"}],"wp:attachment":[{"href":"https:\/\/getawaysmalta.com\/de\/wp-json\/wp\/v2\/media?parent=11299"}],"curies":[{"name":"wp","href":"https:\/\/api.w.org\/{rel}","templated":true}]}}