{"id":11287,"date":"2017-07-04T10:59:25","date_gmt":"2017-07-04T08:59:25","guid":{"rendered":"https:\/\/getawaysmalta.com\/?page_id=11287\/"},"modified":"2018-08-04T15:25:02","modified_gmt":"2018-08-04T13:25:02","slug":"ferienwohnungen-direkt-vom-eigentuemer-malta","status":"publish","type":"page","link":"https:\/\/getawaysmalta.com\/de\/ferienwohnungen-direkt-vom-eigentuemer-malta\/","title":{"rendered":"Suche Objekt Ergebnis"},"content":{"rendered":"","protected":false},"excerpt":{"rendered":"","protected":false},"author":4,"featured_media":0,"parent":0,"menu_order":0,"comment_status":"open","ping_status":"open","template":"search-property-result.php","meta":{"footnotes":""},"class_list":["post-11287","page","type-page","status-publish","hentry","no-featured"],"yoast_head":"<!-- This site is optimized with the Yoast SEO plugin v27.4 - https:\/\/yoast.com\/product\/yoast-seo-wordpress\/ -->\n<title>Wo zu bleiben Malta - Malta Ferienwohnungen - GetawaysMalta<\/title>\n<meta name=\"description\" content=\"Malta Ferienwohnungen - direkt vom Eigent\u00fcmer - 1, 2, 3 Schlafzimmer Wohnungen In den besten Bereichen, in der N\u00e4he von Gesch\u00e4ften, Str\u00e4nde etc.\" \/>\n<meta name=\"robots\" content=\"index, follow, max-snippet:-1, max-image-preview:large, max-video-preview:-1\" \/>\n<link rel=\"canonical\" href=\"https:\/\/getawaysmalta.com\/de\/ferienwohnungen-direkt-vom-eigentuemer-malta\/\" \/>\n<meta property=\"og:locale\" content=\"de_DE\" \/>\n<meta property=\"og:type\" content=\"article\" \/>\n<meta property=\"og:title\" content=\"Wo zu bleiben Malta - Malta Ferienwohnungen - GetawaysMalta\" \/>\n<meta property=\"og:description\" content=\"Malta Ferienwohnungen - direkt vom Eigent\u00fcmer - 1, 2, 3 Schlafzimmer Wohnungen In den besten Bereichen, in der N\u00e4he von Gesch\u00e4ften, Str\u00e4nde etc.\" \/>\n<meta property=\"og:url\" content=\"https:\/\/getawaysmalta.com\/de\/ferienwohnungen-direkt-vom-eigentuemer-malta\/\" \/>\n<meta property=\"og:site_name\" content=\"Getaways\" \/>\n<meta property=\"article:modified_time\" content=\"2018-08-04T13:25:02+00:00\" \/>\n<meta name=\"twitter:card\" content=\"summary_large_image\" \/>\n<script type=\"application\/ld+json\" class=\"yoast-schema-graph\">{\"@context\":\"https:\\\/\\\/schema.org\",\"@graph\":[{\"@type\":\"WebPage\",\"@id\":\"https:\\\/\\\/getawaysmalta.com\\\/de\\\/ferienwohnungen-direkt-vom-eigentuemer-malta\\\/\",\"url\":\"https:\\\/\\\/getawaysmalta.com\\\/de\\\/ferienwohnungen-direkt-vom-eigentuemer-malta\\\/\",\"name\":\"Wo zu bleiben Malta - Malta Ferienwohnungen - GetawaysMalta\",\"isPartOf\":{\"@id\":\"https:\\\/\\\/getawaysmalta.com\\\/it\\\/#website\"},\"datePublished\":\"2017-07-04T08:59:25+00:00\",\"dateModified\":\"2018-08-04T13:25:02+00:00\",\"description\":\"Malta Ferienwohnungen - direkt vom Eigent\u00fcmer - 1, 2, 3 Schlafzimmer Wohnungen In den besten Bereichen, in der N\u00e4he von Gesch\u00e4ften, Str\u00e4nde etc.\",\"breadcrumb\":{\"@id\":\"https:\\\/\\\/getawaysmalta.com\\\/de\\\/ferienwohnungen-direkt-vom-eigentuemer-malta\\\/#breadcrumb\"},\"inLanguage\":\"de\",\"potentialAction\":[{\"@type\":\"ReadAction\",\"target\":[\"https:\\\/\\\/getawaysmalta.com\\\/de\\\/ferienwohnungen-direkt-vom-eigentuemer-malta\\\/\"]}]},{\"@type\":\"BreadcrumbList\",\"@id\":\"https:\\\/\\\/getawaysmalta.com\\\/de\\\/ferienwohnungen-direkt-vom-eigentuemer-malta\\\/#breadcrumb\",\"itemListElement\":[{\"@type\":\"ListItem\",\"position\":1,\"name\":\"Home\",\"item\":\"https:\\\/\\\/getawaysmalta.com\\\/de\\\/\"},{\"@type\":\"ListItem\",\"position\":2,\"name\":\"Suche Objekt Ergebnis\"}]},{\"@type\":\"WebSite\",\"@id\":\"https:\\\/\\\/getawaysmalta.com\\\/it\\\/#website\",\"url\":\"https:\\\/\\\/getawaysmalta.com\\\/it\\\/\",\"name\":\"Getaways\",\"description\":\"Property For Rent Malta\",\"potentialAction\":[{\"@type\":\"SearchAction\",\"target\":{\"@type\":\"EntryPoint\",\"urlTemplate\":\"https:\\\/\\\/getawaysmalta.com\\\/it\\\/?s={search_term_string}\"},\"query-input\":{\"@type\":\"PropertyValueSpecification\",\"valueRequired\":true,\"valueName\":\"search_term_string\"}}],\"inLanguage\":\"de\"}]}<\/script>\n<!-- \/ Yoast SEO plugin. -->","yoast_head_json":{"title":"Wo zu bleiben Malta - Malta Ferienwohnungen - GetawaysMalta","description":"Malta Ferienwohnungen - direkt vom Eigent\u00fcmer - 1, 2, 3 Schlafzimmer Wohnungen In den besten Bereichen, in der N\u00e4he von Gesch\u00e4ften, Str\u00e4nde etc.","robots":{"index":"index","follow":"follow","max-snippet":"max-snippet:-1","max-image-preview":"max-image-preview:large","max-video-preview":"max-video-preview:-1"},"canonical":"https:\/\/getawaysmalta.com\/de\/ferienwohnungen-direkt-vom-eigentuemer-malta\/","og_locale":"de_DE","og_type":"article","og_title":"Wo zu bleiben Malta - Malta Ferienwohnungen - GetawaysMalta","og_description":"Malta Ferienwohnungen - direkt vom Eigent\u00fcmer - 1, 2, 3 Schlafzimmer Wohnungen In den besten Bereichen, in der N\u00e4he von Gesch\u00e4ften, Str\u00e4nde etc.","og_url":"https:\/\/getawaysmalta.com\/de\/ferienwohnungen-direkt-vom-eigentuemer-malta\/","og_site_name":"Getaways","article_modified_time":"2018-08-04T13:25:02+00:00","twitter_card":"summary_large_image","schema":{"@context":"https:\/\/schema.org","@graph":[{"@type":"WebPage","@id":"https:\/\/getawaysmalta.com\/de\/ferienwohnungen-direkt-vom-eigentuemer-malta\/","url":"https:\/\/getawaysmalta.com\/de\/ferienwohnungen-direkt-vom-eigentuemer-malta\/","name":"Wo zu bleiben Malta - Malta Ferienwohnungen - GetawaysMalta","isPartOf":{"@id":"https:\/\/getawaysmalta.com\/it\/#website"},"datePublished":"2017-07-04T08:59:25+00:00","dateModified":"2018-08-04T13:25:02+00:00","description":"Malta Ferienwohnungen - direkt vom Eigent\u00fcmer - 1, 2, 3 Schlafzimmer Wohnungen In den besten Bereichen, in der N\u00e4he von Gesch\u00e4ften, Str\u00e4nde etc.","breadcrumb":{"@id":"https:\/\/getawaysmalta.com\/de\/ferienwohnungen-direkt-vom-eigentuemer-malta\/#breadcrumb"},"inLanguage":"de","potentialAction":[{"@type":"ReadAction","target":["https:\/\/getawaysmalta.com\/de\/ferienwohnungen-direkt-vom-eigentuemer-malta\/"]}]},{"@type":"BreadcrumbList","@id":"https:\/\/getawaysmalta.com\/de\/ferienwohnungen-direkt-vom-eigentuemer-malta\/#breadcrumb","itemListElement":[{"@type":"ListItem","position":1,"name":"Home","item":"https:\/\/getawaysmalta.com\/de\/"},{"@type":"ListItem","position":2,"name":"Suche Objekt Ergebnis"}]},{"@type":"WebSite","@id":"https:\/\/getawaysmalta.com\/it\/#website","url":"https:\/\/getawaysmalta.com\/it\/","name":"Getaways","description":"Property For Rent Malta","potentialAction":[{"@type":"SearchAction","target":{"@type":"EntryPoint","urlTemplate":"https:\/\/getawaysmalta.com\/it\/?s={search_term_string}"},"query-input":{"@type":"PropertyValueSpecification","valueRequired":true,"valueName":"search_term_string"}}],"inLanguage":"de"}]}},"_links":{"self":[{"href":"https:\/\/getawaysmalta.com\/de\/wp-json\/wp\/v2\/pages\/11287","targetHints":{"allow":["GET"]}}],"collection":[{"href":"https:\/\/getawaysmalta.com\/de\/wp-json\/wp\/v2\/pages"}],"about":[{"href":"https:\/\/getawaysmalta.com\/de\/wp-json\/wp\/v2\/types\/page"}],"author":[{"embeddable":true,"href":"https:\/\/getawaysmalta.com\/de\/wp-json\/wp\/v2\/users\/4"}],"replies":[{"embeddable":true,"href":"https:\/\/getawaysmalta.com\/de\/wp-json\/wp\/v2\/comments?post=11287"}],"version-history":[{"count":2,"href":"https:\/\/getawaysmalta.com\/de\/wp-json\/wp\/v2\/pages\/11287\/revisions"}],"predecessor-version":[{"id":11388,"href":"https:\/\/getawaysmalta.com\/de\/wp-json\/wp\/v2\/pages\/11287\/revisions\/11388"}],"wp:attachment":[{"href":"https:\/\/getawaysmalta.com\/de\/wp-json\/wp\/v2\/media?parent=11287"}],"curies":[{"name":"wp","href":"https:\/\/api.w.org\/{rel}","templated":true}]}}